{"id":3904,"date":"2024-02-17T17:33:28","date_gmt":"2024-02-17T17:33:28","guid":{"rendered":"http:\/\/menuetcie.com\/?page_id=3904"},"modified":"2024-02-18T13:14:22","modified_gmt":"2024-02-18T13:14:22","slug":"corporatif","status":"publish","type":"page","link":"https:\/\/menuetcie.com\/en\/corporatif\/","title":{"rendered":"Corporate"},"content":{"rendered":"<p>[et_pb_section fb_built=\u00a0\u00bb1&Prime; custom_padding_last_edited=\u00a0\u00bbon|tablet\u00a0\u00bb admin_label=\u00a0\u00bbFeature Section\u00a0\u00bb _builder_version=\u00a0\u00bb4.22.1&Prime; background_color=\u00a0\u00bb#f7f7f7&Prime; use_background_color_gradient=\u00a0\u00bbon\u00a0\u00bb background_color_gradient_stops=\u00a0\u00bbrgba(0,0,0,0.17) 95%|#ffffff 100%\u00a0\u00bb background_color_gradient_overlays_image=\u00a0\u00bbon\u00a0\u00bb background_color_gradient_start=\u00a0\u00bbrgba(0,0,0,0.17)\u00a0\u00bb background_color_gradient_start_position=\u00a0\u00bb95%\u00a0\u00bb background_color_gradient_end=\u00a0\u00bb#ffffff\u00a0\u00bb background_image=\u00a0\u00bbhttp:\/\/menuetcie.com\/wp-content\/uploads\/2020\/06\/background-texture-carton-gris-pale-court2.png\u00a0\u00bb background_position=\u00a0\u00bbbottom_center\u00a0\u00bb custom_padding_tablet=\u00a0\u00bb50px||50px||true|false\u00a0\u00bb custom_padding_phone=\u00a0\u00bb50px||50px||true|false\u00a0\u00bb global_colors_info=\u00a0\u00bb{}\u00a0\u00bb][et_pb_row custom_padding_last_edited=\u00a0\u00bbon|desktop\u00a0\u00bb admin_label=\u00a0\u00bbRow\u00a0\u00bb _builder_version=\u00a0\u00bb4.16&Prime; width=\u00a0\u00bb88%\u00a0\u00bb module_alignment=\u00a0\u00bbcenter\u00a0\u00bb custom_margin=\u00a0\u00bb|auto||auto|false|false\u00a0\u00bb custom_margin_tablet=\u00a0\u00bb|auto|0px|auto|false|false\u00a0\u00bb custom_margin_phone=\u00a0\u00bb\u00a0\u00bb custom_margin_last_edited=\u00a0\u00bbon|tablet\u00a0\u00bb custom_padding=\u00a0\u00bb||||false|false\u00a0\u00bb custom_padding_tablet=\u00a0\u00bb|||0px|false|false\u00a0\u00bb custom_padding_phone=\u00a0\u00bb\u00a0\u00bb use_custom_width=\u00a0\u00bbon\u00a0\u00bb width_unit=\u00a0\u00bboff\u00a0\u00bb custom_width_percent=\u00a0\u00bb88%\u00a0\u00bb locked=\u00a0\u00bboff\u00a0\u00bb global_colors_info=\u00a0\u00bb{}\u00a0\u00bb][et_pb_column type=\u00a0\u00bb4_4&Prime; _builder_version=\u00a0\u00bb4.16&Prime; custom_padding=\u00a0\u00bb|40px||40px\u00a0\u00bb global_colors_info=\u00a0\u00bb{}\u00a0\u00bb custom_padding__hover=\u00a0\u00bb|||\u00a0\u00bb][et_pb_text admin_label=\u00a0\u00bbTitle\u00a0\u00bb _builder_version=\u00a0\u00bb4.24.1&Prime; text_font=\u00a0\u00bbQuattrocento||||||||\u00a0\u00bb text_font_size=\u00a0\u00bb22px\u00a0\u00bb text_line_height=\u00a0\u00bb1.4em\u00a0\u00bb header_font=\u00a0\u00bb|300||on|||||\u00a0\u00bb header_text_align=\u00a0\u00bbcenter\u00a0\u00bb header_font_size=\u00a0\u00bb63px\u00a0\u00bb header_letter_spacing=\u00a0\u00bb14px\u00a0\u00bb header_line_height=\u00a0\u00bb1.4em\u00a0\u00bb text_orientation=\u00a0\u00bbcenter\u00a0\u00bb background_layout=\u00a0\u00bbdark\u00a0\u00bb module_alignment=\u00a0\u00bbleft\u00a0\u00bb custom_margin=\u00a0\u00bb|||0px|false|false\u00a0\u00bb custom_padding=\u00a0\u00bb||||false|false\u00a0\u00bb animation_style=\u00a0\u00bbslide\u00a0\u00bb animation_direction=\u00a0\u00bbtop\u00a0\u00bb animation_intensity_slide=\u00a0\u00bb3%\u00a0\u00bb animation_starting_opacity=\u00a0\u00bb100%\u00a0\u00bb header_text_align_tablet=\u00a0\u00bb\u00a0\u00bb header_text_align_phone=\u00a0\u00bbcenter\u00a0\u00bb header_text_align_last_edited=\u00a0\u00bbon|phone\u00a0\u00bb header_font_size_tablet=\u00a0\u00bb40px\u00a0\u00bb header_font_size_phone=\u00a0\u00bb30px\u00a0\u00bb header_font_size_last_edited=\u00a0\u00bbon|desktop\u00a0\u00bb header_letter_spacing_tablet=\u00a0\u00bb10px\u00a0\u00bb header_letter_spacing_phone=\u00a0\u00bb8px\u00a0\u00bb header_letter_spacing_last_edited=\u00a0\u00bbon|tablet\u00a0\u00bb custom_css_main_element=\u00a0\u00bbmin-width: 440px\u00a0\u00bb global_colors_info=\u00a0\u00bb{}\u00a0\u00bb custom_css_main_element_last_edited=\u00a0\u00bbon|tablet\u00a0\u00bb custom_css_main_element_tablet=\u00a0\u00bbmin-width: inherit;\u00a0\u00bb custom_css_main_element_phone=\u00a0\u00bbmin-width: inherit;\u00a0\u00bb]<\/p>\n<h1 style=\"text-align: left;\">Corporatif<\/h1>\n<p>[\/et_pb_text][\/et_pb_column][\/et_pb_row][\/et_pb_section][et_pb_section fb_built=\u00a0\u00bb1&Prime; custom_padding_last_edited=\u00a0\u00bbon|phone\u00a0\u00bb admin_label=\u00a0\u00bbFeatured Collections Section\u00a0\u00bb _builder_version=\u00a0\u00bb4.22.1&Prime; custom_padding=\u00a0\u00bb0px||50px||false|false\u00a0\u00bb custom_padding_tablet=\u00a0\u00bb50px||50px||true|false\u00a0\u00bb custom_padding_phone=\u00a0\u00bb50px||50px||true|false\u00a0\u00bb locked=\u00a0\u00bboff\u00a0\u00bb global_colors_info=\u00a0\u00bb{}\u00a0\u00bb][et_pb_row _builder_version=\u00a0\u00bb4.16&Prime; custom_margin=\u00a0\u00bb50px||||false|false\u00a0\u00bb custom_margin_tablet=\u00a0\u00bb10px||||false|false\u00a0\u00bb custom_margin_phone=\u00a0\u00bb\u00a0\u00bb custom_margin_last_edited=\u00a0\u00bbon|desktop\u00a0\u00bb locked=\u00a0\u00bboff\u00a0\u00bb global_colors_info=\u00a0\u00bb{}\u00a0\u00bb][et_pb_column type=\u00a0\u00bb4_4&Prime; _builder_version=\u00a0\u00bb4.16&Prime; custom_padding=\u00a0\u00bb|||\u00a0\u00bb global_colors_info=\u00a0\u00bb{}\u00a0\u00bb custom_padding__hover=\u00a0\u00bb|||\u00a0\u00bb][et_pb_text _builder_version=\u00a0\u00bb4.24.1&Prime; text_font=\u00a0\u00bbArtegra_Sans-400-Regular||||||||\u00a0\u00bb text_text_color=\u00a0\u00bb#585958&Prime; text_font_size=\u00a0\u00bb20px\u00a0\u00bb text_line_height=\u00a0\u00bb35px\u00a0\u00bb ul_font=\u00a0\u00bbArtegra_Sans-400-Regular||||||||\u00a0\u00bb ul_line_height=\u00a0\u00bb35px\u00a0\u00bb header_font=\u00a0\u00bb||||||||\u00a0\u00bb header_2_font=\u00a0\u00bb||||||||\u00a0\u00bb header_3_font=\u00a0\u00bbArtegra_Sans-300-Light|300|||||||\u00a0\u00bb header_3_text_align=\u00a0\u00bbleft\u00a0\u00bb header_3_text_color=\u00a0\u00bb#585958&Prime; header_3_font_size=\u00a0\u00bb26px\u00a0\u00bb header_3_letter_spacing=\u00a0\u00bb1.5px\u00a0\u00bb custom_margin=\u00a0\u00bb|||\u00a0\u00bb animation_style=\u00a0\u00bbfade\u00a0\u00bb animation_direction=\u00a0\u00bbleft\u00a0\u00bb text_font_size_tablet=\u00a0\u00bb18px\u00a0\u00bb text_font_size_phone=\u00a0\u00bb16px\u00a0\u00bb text_font_size_last_edited=\u00a0\u00bbon|desktop\u00a0\u00bb text_line_height_tablet=\u00a0\u00bb\u00a0\u00bb text_line_height_phone=\u00a0\u00bb1.5em\u00a0\u00bb text_line_height_last_edited=\u00a0\u00bbon|desktop\u00a0\u00bb ul_line_height_tablet=\u00a0\u00bb35px\u00a0\u00bb ul_line_height_phone=\u00a0\u00bb1.5em\u00a0\u00bb ul_line_height_last_edited=\u00a0\u00bbon|phone\u00a0\u00bb global_colors_info=\u00a0\u00bb{}\u00a0\u00bb]<\/p>\n<h2>Solutions corporatives sur mesure : porte-documents et sous-mains personnalis\u00e9s<\/h2>\n<p>Chez Menu et cie, nous sommes sp\u00e9cialis\u00e9s dans la cr\u00e9ation de solutions corporatives \u00e9l\u00e9gantes et fonctionnelles, con\u00e7ues pour r\u00e9pondre aux besoins sp\u00e9cifiques de votre entreprise. Notre expertise s&rsquo;\u00e9tend \u00e0 la <strong>fabrication sur mesure de porte-documents et de sous-mains<\/strong>, disponibles dans une vari\u00e9t\u00e9 de formats pour s&rsquo;adapter parfaitement \u00e0 votre espace de travail et \u00e0 votre identit\u00e9 de marque.<\/p>\n<h3>Porte-documents personnalis\u00e9s<\/h3>\n<p><img loading=\"lazy\" decoding=\"async\" src=\"http:\/\/menuetcie.com\/wp-content\/uploads\/2024\/02\/porte-document-300x240.png\" width=\"376\" height=\"301\" alt=\"Porte document sur mesure\" class=\"wp-image-3908 alignnone size-medium\" style=\"display: block; margin-left: auto; margin-right: auto;\" \/><\/p>\n<p>Nos <strong>porte-documents<\/strong> sont confectionn\u00e9s avec une attention m\u00e9ticuleuse aux d\u00e9tails, utilisant uniquement des mat\u00e9riaux de premi\u00e8re qualit\u00e9 pour garantir \u00e0 la fois \u00e9l\u00e9gance et durabilit\u00e9 :<\/p>\n<ul>\n<li><strong>Cuir Synth\u00e9tique Italien :<\/strong> Pour un aspect sophistiqu\u00e9 et professionnel, notre finition en cuir synth\u00e9tique italien est le choix parfait.<\/li>\n<li><strong>Cartons Lamin\u00e9s :<\/strong> Choisissez la solidit\u00e9 et la praticit\u00e9 avec nos cartons lamin\u00e9s, id\u00e9als pour un usage quotidien.<\/li>\n<li><strong>Toile de Haute Qualit\u00e9 :<\/strong> Nos toiles, s\u00e9lectionn\u00e9es pour leur durabilit\u00e9 et leur beaut\u00e9, apportent une touche d&rsquo;\u00e9l\u00e9gance naturelle \u00e0 vos porte-documents.<\/li>\n<\/ul>\n<h3>Personnalisation avanc\u00e9e<\/h3>\n<ul>\n<li><strong>Embossage de Logo :<\/strong> Mettez en valeur votre marque avec notre service d&#8217;embossage de logo, disponible avec ou sans couleur, pour une finition personnalis\u00e9e qui capte l&rsquo;attention.<\/li>\n<li><strong>Palette de Couleurs :<\/strong> Nous proposons une large gamme de couleurs pour chaque mat\u00e9riau, vous permettant de personnaliser davantage vos porte-documents afin qu&rsquo;ils refl\u00e8tent fid\u00e8lement l&rsquo;identit\u00e9 de votre entreprise.<\/li>\n<\/ul>\n<h3>Sous-mains de diff\u00e9rents formats<\/h3>\n<p>Compl\u00e9tez votre \u00e9quipement de bureau avec nos <strong>sous-mains personnalis\u00e9s<\/strong>, disponibles dans divers formats pour s&rsquo;adapter \u00e0 toutes les tailles de bureaux et \u00e0 toutes les utilisations. Con\u00e7us pour ajouter une touche d&rsquo;\u00e9l\u00e9gance tout en offrant une surface de travail pratique et protectrice.<\/p>\n<p>Chez Menu et cie, nous nous engageons \u00e0 fournir des produits de haute qualit\u00e9 qui r\u00e9pondent aux exigences de nos clients corporatifs. <a href=\"#contact\">Contactez-nous<\/a> pour d\u00e9couvrir comment nous pouvons aider \u00e0 transformer votre espace de travail avec nos solutions personnalis\u00e9es.<\/p>\n<p>[\/et_pb_text][et_pb_gallery _builder_version=\u00a0\u00bb4.24.1&Prime; _module_preset=\u00a0\u00bbdefault\u00a0\u00bb gallery_ids=\u00a0\u00bb3926,3925,3924,3923&Prime; show_title_and_caption=\u00a0\u00bboff\u00a0\u00bb show_pagination=\u00a0\u00bboff\u00a0\u00bb hover_enabled=\u00a0\u00bb0&Prime; sticky_enabled=\u00a0\u00bb0&Prime; posts_number=\u00a0\u00bb5&Prime;][\/et_pb_gallery][\/et_pb_column][\/et_pb_row][et_pb_row _builder_version=\u00a0\u00bb4.16&Prime; custom_margin=\u00a0\u00bb30px||||false|false\u00a0\u00bb global_colors_info=\u00a0\u00bb{}\u00a0\u00bb][et_pb_column type=\u00a0\u00bb4_4&Prime; _builder_version=\u00a0\u00bb4.16&Prime; global_colors_info=\u00a0\u00bb{}\u00a0\u00bb][et_pb_button button_url=\u00a0\u00bbhttp:\/\/menuetcie.com\/a-propos\/#contact\u00a0\u00bb button_text=\u00a0\u00bbObtenez une soumission\u00a0\u00bb button_alignment=\u00a0\u00bbcenter\u00a0\u00bb button_alignment_tablet=\u00a0\u00bb\u00a0\u00bb button_alignment_phone=\u00a0\u00bbleft\u00a0\u00bb button_alignment_last_edited=\u00a0\u00bbon|desktop\u00a0\u00bb _builder_version=\u00a0\u00bb4.22.1&Prime; custom_button=\u00a0\u00bbon\u00a0\u00bb button_text_size=\u00a0\u00bb16px\u00a0\u00bb button_text_color=\u00a0\u00bb#ffffff\u00a0\u00bb button_bg_color=\u00a0\u00bb#d36743&Prime; button_border_width=\u00a0\u00bb1px\u00a0\u00bb button_border_color=\u00a0\u00bbrgba(255,255,255,0)\u00a0\u00bb button_border_radius=\u00a0\u00bb0px\u00a0\u00bb button_letter_spacing=\u00a0\u00bb2px\u00a0\u00bb button_font=\u00a0\u00bbArtegra_Sans-400-Regular|||on|||||\u00a0\u00bb button_icon=\u00a0\u00bb&#x24;||divi||400&Prime; z_index=\u00a0\u00bb100&Prime; background_layout=\u00a0\u00bbdark\u00a0\u00bb custom_margin=\u00a0\u00bb||||false|false\u00a0\u00bb custom_padding=\u00a0\u00bb7px|16px|7px|16px|true|true\u00a0\u00bb animation_style=\u00a0\u00bbslide\u00a0\u00bb animation_direction=\u00a0\u00bbtop\u00a0\u00bb animation_intensity_slide=\u00a0\u00bb3%\u00a0\u00bb animation_starting_opacity=\u00a0\u00bb100%\u00a0\u00bb custom_css_main_element=\u00a0\u00bbtext-align:center;\u00a0\u00bb global_colors_info=\u00a0\u00bb{}\u00a0\u00bb button_text_size__hover_enabled=\u00a0\u00bboff\u00a0\u00bb button_one_text_size__hover_enabled=\u00a0\u00bboff\u00a0\u00bb button_two_text_size__hover_enabled=\u00a0\u00bboff\u00a0\u00bb button_text_color__hover_enabled=\u00a0\u00bboff\u00a0\u00bb button_one_text_color__hover_enabled=\u00a0\u00bboff\u00a0\u00bb button_two_text_color__hover_enabled=\u00a0\u00bboff\u00a0\u00bb button_border_width__hover_enabled=\u00a0\u00bboff\u00a0\u00bb button_one_border_width__hover_enabled=\u00a0\u00bboff\u00a0\u00bb button_two_border_width__hover_enabled=\u00a0\u00bboff\u00a0\u00bb button_border_color__hover_enabled=\u00a0\u00bboff\u00a0\u00bb button_one_border_color__hover_enabled=\u00a0\u00bboff\u00a0\u00bb button_two_border_color__hover_enabled=\u00a0\u00bboff\u00a0\u00bb button_border_radius__hover_enabled=\u00a0\u00bboff\u00a0\u00bb button_one_border_radius__hover_enabled=\u00a0\u00bboff\u00a0\u00bb button_two_border_radius__hover_enabled=\u00a0\u00bboff\u00a0\u00bb button_letter_spacing__hover_enabled=\u00a0\u00bbon|hover\u00a0\u00bb button_one_letter_spacing__hover_enabled=\u00a0\u00bboff\u00a0\u00bb button_two_letter_spacing__hover_enabled=\u00a0\u00bboff\u00a0\u00bb button_bg_color__hover_enabled=\u00a0\u00bboff\u00a0\u00bb button_one_bg_color__hover_enabled=\u00a0\u00bboff\u00a0\u00bb button_two_bg_color__hover_enabled=\u00a0\u00bboff\u00a0\u00bb button_letter_spacing__hover=\u00a0\u00bb2px\u00a0\u00bb custom_margin__hover=\u00a0\u00bb||||false|false\u00a0\u00bb custom_margin__hover_enabled=\u00a0\u00bbon|hover\u00a0\u00bb custom_padding__hover=\u00a0\u00bb|40px|||false|false\u00a0\u00bb custom_padding__hover_enabled=\u00a0\u00bbon|desktop\u00a0\u00bb][\/et_pb_button][\/et_pb_column][\/et_pb_row][\/et_pb_section]<\/p>\n","protected":false},"excerpt":{"rendered":"<p>CorporatifSolutions corporatives sur mesure : porte-documents et sous-mains personnalis\u00e9s Chez Menu et cie, nous sommes sp\u00e9cialis\u00e9s dans la cr\u00e9ation de solutions corporatives \u00e9l\u00e9gantes et fonctionnelles, con\u00e7ues pour r\u00e9pondre aux besoins sp\u00e9cifiques de votre entreprise. Notre expertise s&rsquo;\u00e9tend \u00e0 la fabrication sur mesure de porte-documents et de sous-mains, disponibles dans une vari\u00e9t\u00e9 de formats pour s&rsquo;adapter [&hellip;]<\/p>\n","protected":false},"author":1,"featured_media":0,"parent":0,"menu_order":0,"comment_status":"closed","ping_status":"closed","template":"","meta":{"_et_pb_use_builder":"on","_et_pb_old_content":"","_et_gb_content_width":"","footnotes":""},"class_list":["post-3904","page","type-page","status-publish","hentry"],"yoast_head":"<!-- This site is optimized with the Yoast SEO plugin v27.4 - https:\/\/yoast.com\/product\/yoast-seo-wordpress\/ -->\n<title>Corporatif - Menu et cie<\/title>\n<meta name=\"robots\" content=\"index, follow, max-snippet:-1, max-image-preview:large, max-video-preview:-1\" \/>\n<link rel=\"canonical\" href=\"https:\/\/menuetcie.com\/en\/corporatif\/\" \/>\n<meta property=\"og:locale\" content=\"en_US\" \/>\n<meta property=\"og:type\" content=\"article\" \/>\n<meta property=\"og:title\" content=\"Corporatif - Menu et cie\" \/>\n<meta property=\"og:description\" content=\"CorporatifSolutions corporatives sur mesure : porte-documents et sous-mains personnalis\u00e9s Chez Menu et cie, nous sommes sp\u00e9cialis\u00e9s dans la cr\u00e9ation de solutions corporatives \u00e9l\u00e9gantes et fonctionnelles, con\u00e7ues pour r\u00e9pondre aux besoins sp\u00e9cifiques de votre entreprise. Notre expertise s&#039;\u00e9tend \u00e0 la fabrication sur mesure de porte-documents et de sous-mains, disponibles dans une vari\u00e9t\u00e9 de formats pour s&#039;adapter [&hellip;]\" \/>\n<meta property=\"og:url\" content=\"https:\/\/menuetcie.com\/en\/corporatif\/\" \/>\n<meta property=\"og:site_name\" content=\"Menu et cie\" \/>\n<meta property=\"article:modified_time\" content=\"2024-02-18T13:14:22+00:00\" \/>\n<meta property=\"og:image\" content=\"http:\/\/menuetcie.com\/wp-content\/uploads\/2024\/02\/porte-document-300x240.png\" \/>\n<meta name=\"twitter:card\" content=\"summary_large_image\" \/>\n<script type=\"application\/ld+json\" class=\"yoast-schema-graph\">{\"@context\":\"https:\\\/\\\/schema.org\",\"@graph\":[{\"@type\":\"WebPage\",\"@id\":\"https:\\\/\\\/menuetcie.com\\\/corporatif\\\/\",\"url\":\"https:\\\/\\\/menuetcie.com\\\/corporatif\\\/\",\"name\":\"Corporatif - Menu et cie\",\"isPartOf\":{\"@id\":\"https:\\\/\\\/menuetcie.com\\\/#website\"},\"primaryImageOfPage\":{\"@id\":\"https:\\\/\\\/menuetcie.com\\\/corporatif\\\/#primaryimage\"},\"image\":{\"@id\":\"https:\\\/\\\/menuetcie.com\\\/corporatif\\\/#primaryimage\"},\"thumbnailUrl\":\"http:\\\/\\\/menuetcie.com\\\/wp-content\\\/uploads\\\/2024\\\/02\\\/porte-document-300x240.png\",\"datePublished\":\"2024-02-17T17:33:28+00:00\",\"dateModified\":\"2024-02-18T13:14:22+00:00\",\"breadcrumb\":{\"@id\":\"https:\\\/\\\/menuetcie.com\\\/corporatif\\\/#breadcrumb\"},\"inLanguage\":\"en-CA\",\"potentialAction\":[{\"@type\":\"ReadAction\",\"target\":[\"https:\\\/\\\/menuetcie.com\\\/corporatif\\\/\"]}]},{\"@type\":\"ImageObject\",\"inLanguage\":\"en-CA\",\"@id\":\"https:\\\/\\\/menuetcie.com\\\/corporatif\\\/#primaryimage\",\"url\":\"http:\\\/\\\/menuetcie.com\\\/wp-content\\\/uploads\\\/2024\\\/02\\\/porte-document-300x240.png\",\"contentUrl\":\"http:\\\/\\\/menuetcie.com\\\/wp-content\\\/uploads\\\/2024\\\/02\\\/porte-document-300x240.png\"},{\"@type\":\"BreadcrumbList\",\"@id\":\"https:\\\/\\\/menuetcie.com\\\/corporatif\\\/#breadcrumb\",\"itemListElement\":[{\"@type\":\"ListItem\",\"position\":1,\"name\":\"Home\",\"item\":\"https:\\\/\\\/menuetcie.com\\\/\"},{\"@type\":\"ListItem\",\"position\":2,\"name\":\"Corporatif\"}]},{\"@type\":\"WebSite\",\"@id\":\"https:\\\/\\\/menuetcie.com\\\/#website\",\"url\":\"https:\\\/\\\/menuetcie.com\\\/\",\"name\":\"Menu et cie\",\"description\":\"Couvertures de menus\",\"publisher\":{\"@id\":\"https:\\\/\\\/menuetcie.com\\\/#organization\"},\"potentialAction\":[{\"@type\":\"SearchAction\",\"target\":{\"@type\":\"EntryPoint\",\"urlTemplate\":\"https:\\\/\\\/menuetcie.com\\\/?s={search_term_string}\"},\"query-input\":{\"@type\":\"PropertyValueSpecification\",\"valueRequired\":true,\"valueName\":\"search_term_string\"}}],\"inLanguage\":\"en-CA\"},{\"@type\":\"Organization\",\"@id\":\"https:\\\/\\\/menuetcie.com\\\/#organization\",\"name\":\"Menu et cie\",\"url\":\"https:\\\/\\\/menuetcie.com\\\/\",\"logo\":{\"@type\":\"ImageObject\",\"inLanguage\":\"en-CA\",\"@id\":\"https:\\\/\\\/menuetcie.com\\\/#\\\/schema\\\/logo\\\/image\\\/\",\"url\":\"http:\\\/\\\/menuetcie.com\\\/wp-content\\\/uploads\\\/2020\\\/02\\\/favicon.jpg\",\"contentUrl\":\"http:\\\/\\\/menuetcie.com\\\/wp-content\\\/uploads\\\/2020\\\/02\\\/favicon.jpg\",\"width\":150,\"height\":150,\"caption\":\"Menu et cie\"},\"image\":{\"@id\":\"https:\\\/\\\/menuetcie.com\\\/#\\\/schema\\\/logo\\\/image\\\/\"}}]}<\/script>\n<!-- \/ Yoast SEO plugin. -->","yoast_head_json":{"title":"Corporate - Menu and Co.","robots":{"index":"index","follow":"follow","max-snippet":"max-snippet:-1","max-image-preview":"max-image-preview:large","max-video-preview":"max-video-preview:-1"},"canonical":"https:\/\/menuetcie.com\/en\/corporatif\/","og_locale":"en_US","og_type":"article","og_title":"Corporatif - Menu et cie","og_description":"CorporatifSolutions corporatives sur mesure : porte-documents et sous-mains personnalis\u00e9s Chez Menu et cie, nous sommes sp\u00e9cialis\u00e9s dans la cr\u00e9ation de solutions corporatives \u00e9l\u00e9gantes et fonctionnelles, con\u00e7ues pour r\u00e9pondre aux besoins sp\u00e9cifiques de votre entreprise. Notre expertise s'\u00e9tend \u00e0 la fabrication sur mesure de porte-documents et de sous-mains, disponibles dans une vari\u00e9t\u00e9 de formats pour s'adapter [&hellip;]","og_url":"https:\/\/menuetcie.com\/en\/corporatif\/","og_site_name":"Menu et cie","article_modified_time":"2024-02-18T13:14:22+00:00","og_image":[{"url":"http:\/\/menuetcie.com\/wp-content\/uploads\/2024\/02\/porte-document-300x240.png","type":"","width":"","height":""}],"twitter_card":"summary_large_image","schema":{"@context":"https:\/\/schema.org","@graph":[{"@type":"WebPage","@id":"https:\/\/menuetcie.com\/corporatif\/","url":"https:\/\/menuetcie.com\/corporatif\/","name":"Corporate - Menu and Co.","isPartOf":{"@id":"https:\/\/menuetcie.com\/#website"},"primaryImageOfPage":{"@id":"https:\/\/menuetcie.com\/corporatif\/#primaryimage"},"image":{"@id":"https:\/\/menuetcie.com\/corporatif\/#primaryimage"},"thumbnailUrl":"http:\/\/menuetcie.com\/wp-content\/uploads\/2024\/02\/porte-document-300x240.png","datePublished":"2024-02-17T17:33:28+00:00","dateModified":"2024-02-18T13:14:22+00:00","breadcrumb":{"@id":"https:\/\/menuetcie.com\/corporatif\/#breadcrumb"},"inLanguage":"en-CA","potentialAction":[{"@type":"ReadAction","target":["https:\/\/menuetcie.com\/corporatif\/"]}]},{"@type":"ImageObject","inLanguage":"en-CA","@id":"https:\/\/menuetcie.com\/corporatif\/#primaryimage","url":"http:\/\/menuetcie.com\/wp-content\/uploads\/2024\/02\/porte-document-300x240.png","contentUrl":"http:\/\/menuetcie.com\/wp-content\/uploads\/2024\/02\/porte-document-300x240.png"},{"@type":"BreadcrumbList","@id":"https:\/\/menuetcie.com\/corporatif\/#breadcrumb","itemListElement":[{"@type":"ListItem","position":1,"name":"Home","item":"https:\/\/menuetcie.com\/"},{"@type":"ListItem","position":2,"name":"Corporatif"}]},{"@type":"WebSite","@id":"https:\/\/menuetcie.com\/#website","url":"https:\/\/menuetcie.com\/","name":"Menu and Co.","description":"Menu covers","publisher":{"@id":"https:\/\/menuetcie.com\/#organization"},"potentialAction":[{"@type":"SearchAction","target":{"@type":"EntryPoint","urlTemplate":"https:\/\/menuetcie.com\/?s={search_term_string}"},"query-input":{"@type":"PropertyValueSpecification","valueRequired":true,"valueName":"search_term_string"}}],"inLanguage":"en-CA"},{"@type":"Organization","@id":"https:\/\/menuetcie.com\/#organization","name":"Menu and Co.","url":"https:\/\/menuetcie.com\/","logo":{"@type":"ImageObject","inLanguage":"en-CA","@id":"https:\/\/menuetcie.com\/#\/schema\/logo\/image\/","url":"http:\/\/menuetcie.com\/wp-content\/uploads\/2020\/02\/favicon.jpg","contentUrl":"http:\/\/menuetcie.com\/wp-content\/uploads\/2020\/02\/favicon.jpg","width":150,"height":150,"caption":"Menu et cie"},"image":{"@id":"https:\/\/menuetcie.com\/#\/schema\/logo\/image\/"}}]}},"_links":{"self":[{"href":"https:\/\/menuetcie.com\/en\/wp-json\/wp\/v2\/pages\/3904","targetHints":{"allow":["GET"]}}],"collection":[{"href":"https:\/\/menuetcie.com\/en\/wp-json\/wp\/v2\/pages"}],"about":[{"href":"https:\/\/menuetcie.com\/en\/wp-json\/wp\/v2\/types\/page"}],"author":[{"embeddable":true,"href":"https:\/\/menuetcie.com\/en\/wp-json\/wp\/v2\/users\/1"}],"replies":[{"embeddable":true,"href":"https:\/\/menuetcie.com\/en\/wp-json\/wp\/v2\/comments?post=3904"}],"version-history":[{"count":0,"href":"https:\/\/menuetcie.com\/en\/wp-json\/wp\/v2\/pages\/3904\/revisions"}],"wp:attachment":[{"href":"https:\/\/menuetcie.com\/en\/wp-json\/wp\/v2\/media?parent=3904"}],"curies":[{"name":"wp","href":"https:\/\/api.w.org\/{rel}","templated":true}]}}