{"id":3894,"date":"2024-02-17T17:20:11","date_gmt":"2024-02-17T17:20:11","guid":{"rendered":"http:\/\/menuetcie.com\/?page_id=3894"},"modified":"2024-02-18T12:35:47","modified_gmt":"2024-02-18T12:35:47","slug":"napperons","status":"publish","type":"page","link":"https:\/\/menuetcie.com\/en\/napperons\/","title":{"rendered":"Table mats"},"content":{"rendered":"<p>[et_pb_section fb_built=\u00a0\u00bb1&Prime; custom_padding_last_edited=\u00a0\u00bbon|tablet\u00a0\u00bb admin_label=\u00a0\u00bbFeature Section\u00a0\u00bb _builder_version=\u00a0\u00bb4.22.1&Prime; background_color=\u00a0\u00bb#f7f7f7&Prime; use_background_color_gradient=\u00a0\u00bbon\u00a0\u00bb background_color_gradient_stops=\u00a0\u00bbrgba(0,0,0,0.17) 95%|#ffffff 100%\u00a0\u00bb background_color_gradient_overlays_image=\u00a0\u00bbon\u00a0\u00bb background_color_gradient_start=\u00a0\u00bbrgba(0,0,0,0.17)\u00a0\u00bb background_color_gradient_start_position=\u00a0\u00bb95%\u00a0\u00bb background_color_gradient_end=\u00a0\u00bb#ffffff\u00a0\u00bb background_image=\u00a0\u00bbhttp:\/\/menuetcie.com\/wp-content\/uploads\/2020\/06\/background-texture-carton-gris-pale-court2.png\u00a0\u00bb background_position=\u00a0\u00bbbottom_center\u00a0\u00bb custom_padding_tablet=\u00a0\u00bb50px||50px||true|false\u00a0\u00bb custom_padding_phone=\u00a0\u00bb50px||50px||true|false\u00a0\u00bb global_colors_info=\u00a0\u00bb{}\u00a0\u00bb][et_pb_row custom_padding_last_edited=\u00a0\u00bbon|desktop\u00a0\u00bb admin_label=\u00a0\u00bbRow\u00a0\u00bb _builder_version=\u00a0\u00bb4.16&Prime; width=\u00a0\u00bb88%\u00a0\u00bb module_alignment=\u00a0\u00bbcenter\u00a0\u00bb custom_margin=\u00a0\u00bb|auto||auto|false|false\u00a0\u00bb custom_margin_tablet=\u00a0\u00bb|auto|0px|auto|false|false\u00a0\u00bb custom_margin_phone=\u00a0\u00bb\u00a0\u00bb custom_margin_last_edited=\u00a0\u00bbon|tablet\u00a0\u00bb custom_padding=\u00a0\u00bb||||false|false\u00a0\u00bb custom_padding_tablet=\u00a0\u00bb|||0px|false|false\u00a0\u00bb custom_padding_phone=\u00a0\u00bb\u00a0\u00bb use_custom_width=\u00a0\u00bbon\u00a0\u00bb width_unit=\u00a0\u00bboff\u00a0\u00bb custom_width_percent=\u00a0\u00bb88%\u00a0\u00bb locked=\u00a0\u00bboff\u00a0\u00bb global_colors_info=\u00a0\u00bb{}\u00a0\u00bb][et_pb_column type=\u00a0\u00bb4_4&Prime; _builder_version=\u00a0\u00bb4.16&Prime; custom_padding=\u00a0\u00bb|40px||40px\u00a0\u00bb global_colors_info=\u00a0\u00bb{}\u00a0\u00bb custom_padding__hover=\u00a0\u00bb|||\u00a0\u00bb][et_pb_text admin_label=\u00a0\u00bbTitle\u00a0\u00bb _builder_version=\u00a0\u00bb4.24.1&Prime; text_font=\u00a0\u00bbQuattrocento||||||||\u00a0\u00bb text_font_size=\u00a0\u00bb22px\u00a0\u00bb text_line_height=\u00a0\u00bb1.4em\u00a0\u00bb header_font=\u00a0\u00bb|300||on|||||\u00a0\u00bb header_text_align=\u00a0\u00bbcenter\u00a0\u00bb header_font_size=\u00a0\u00bb63px\u00a0\u00bb header_letter_spacing=\u00a0\u00bb14px\u00a0\u00bb header_line_height=\u00a0\u00bb1.4em\u00a0\u00bb text_orientation=\u00a0\u00bbcenter\u00a0\u00bb background_layout=\u00a0\u00bbdark\u00a0\u00bb module_alignment=\u00a0\u00bbleft\u00a0\u00bb custom_margin=\u00a0\u00bb|||0px|false|false\u00a0\u00bb custom_padding=\u00a0\u00bb||||false|false\u00a0\u00bb animation_style=\u00a0\u00bbslide\u00a0\u00bb animation_direction=\u00a0\u00bbtop\u00a0\u00bb animation_intensity_slide=\u00a0\u00bb3%\u00a0\u00bb animation_starting_opacity=\u00a0\u00bb100%\u00a0\u00bb header_text_align_tablet=\u00a0\u00bb\u00a0\u00bb header_text_align_phone=\u00a0\u00bbcenter\u00a0\u00bb header_text_align_last_edited=\u00a0\u00bbon|phone\u00a0\u00bb header_font_size_tablet=\u00a0\u00bb40px\u00a0\u00bb header_font_size_phone=\u00a0\u00bb30px\u00a0\u00bb header_font_size_last_edited=\u00a0\u00bbon|desktop\u00a0\u00bb header_letter_spacing_tablet=\u00a0\u00bb10px\u00a0\u00bb header_letter_spacing_phone=\u00a0\u00bb8px\u00a0\u00bb header_letter_spacing_last_edited=\u00a0\u00bbon|tablet\u00a0\u00bb custom_css_main_element=\u00a0\u00bbmin-width: 440px\u00a0\u00bb global_colors_info=\u00a0\u00bb{}\u00a0\u00bb custom_css_main_element_last_edited=\u00a0\u00bbon|tablet\u00a0\u00bb custom_css_main_element_tablet=\u00a0\u00bbmin-width: inherit;\u00a0\u00bb custom_css_main_element_phone=\u00a0\u00bbmin-width: inherit;\u00a0\u00bb]<\/p>\n<h1 style=\"text-align: left;\">Napperons<\/h1>\n<p>[\/et_pb_text][\/et_pb_column][\/et_pb_row][\/et_pb_section][et_pb_section fb_built=\u00a0\u00bb1&Prime; custom_padding_last_edited=\u00a0\u00bbon|phone\u00a0\u00bb admin_label=\u00a0\u00bbFeatured Collections Section\u00a0\u00bb _builder_version=\u00a0\u00bb4.22.1&Prime; custom_padding=\u00a0\u00bb0px||50px||false|false\u00a0\u00bb custom_padding_tablet=\u00a0\u00bb50px||50px||true|false\u00a0\u00bb custom_padding_phone=\u00a0\u00bb50px||50px||true|false\u00a0\u00bb locked=\u00a0\u00bboff\u00a0\u00bb global_colors_info=\u00a0\u00bb{}\u00a0\u00bb][et_pb_row _builder_version=\u00a0\u00bb4.16&Prime; custom_margin=\u00a0\u00bb50px||||false|false\u00a0\u00bb custom_margin_tablet=\u00a0\u00bb10px||||false|false\u00a0\u00bb custom_margin_phone=\u00a0\u00bb\u00a0\u00bb custom_margin_last_edited=\u00a0\u00bbon|desktop\u00a0\u00bb locked=\u00a0\u00bboff\u00a0\u00bb global_colors_info=\u00a0\u00bb{}\u00a0\u00bb][et_pb_column type=\u00a0\u00bb4_4&Prime; _builder_version=\u00a0\u00bb4.16&Prime; custom_padding=\u00a0\u00bb|||\u00a0\u00bb global_colors_info=\u00a0\u00bb{}\u00a0\u00bb custom_padding__hover=\u00a0\u00bb|||\u00a0\u00bb][et_pb_text _builder_version=\u00a0\u00bb4.24.1&Prime; text_font=\u00a0\u00bbArtegra_Sans-400-Regular||||||||\u00a0\u00bb text_text_color=\u00a0\u00bb#585958&Prime; text_font_size=\u00a0\u00bb20px\u00a0\u00bb text_line_height=\u00a0\u00bb35px\u00a0\u00bb ul_font=\u00a0\u00bbArtegra_Sans-400-Regular||||||||\u00a0\u00bb ul_line_height=\u00a0\u00bb35px\u00a0\u00bb header_font=\u00a0\u00bb||||||||\u00a0\u00bb header_2_font=\u00a0\u00bb||||||||\u00a0\u00bb header_3_font=\u00a0\u00bbArtegra_Sans-300-Light|300|||||||\u00a0\u00bb header_3_text_align=\u00a0\u00bbleft\u00a0\u00bb header_3_text_color=\u00a0\u00bb#585958&Prime; header_3_font_size=\u00a0\u00bb26px\u00a0\u00bb header_3_letter_spacing=\u00a0\u00bb1.5px\u00a0\u00bb custom_margin=\u00a0\u00bb|||\u00a0\u00bb animation_style=\u00a0\u00bbfade\u00a0\u00bb animation_direction=\u00a0\u00bbleft\u00a0\u00bb text_font_size_tablet=\u00a0\u00bb18px\u00a0\u00bb text_font_size_phone=\u00a0\u00bb16px\u00a0\u00bb text_font_size_last_edited=\u00a0\u00bbon|desktop\u00a0\u00bb text_line_height_tablet=\u00a0\u00bb\u00a0\u00bb text_line_height_phone=\u00a0\u00bb1.5em\u00a0\u00bb text_line_height_last_edited=\u00a0\u00bbon|desktop\u00a0\u00bb ul_line_height_tablet=\u00a0\u00bb35px\u00a0\u00bb ul_line_height_phone=\u00a0\u00bb1.5em\u00a0\u00bb ul_line_height_last_edited=\u00a0\u00bbon|phone\u00a0\u00bb global_colors_info=\u00a0\u00bb{}\u00a0\u00bb]<\/p>\n<h2>Napperons sur-mesure de haute qualit\u00e9<\/h2>\n<p>D\u00e9couvrez notre collection exclusive de <strong>napperons, confectionn\u00e9s sur mesure<\/strong> pour r\u00e9pondre \u00e0 vos besoins sp\u00e9cifiques. Avec une attention particuli\u00e8re port\u00e9e aux d\u00e9tails et \u00e0 la qualit\u00e9, nos napperons sont disponibles dans une vari\u00e9t\u00e9 de finitions et de mat\u00e9riaux haut de gamme pour s&rsquo;adapter parfaitement \u00e0 l&rsquo;esth\u00e9tique de votre espace.<\/p>\n<p><img loading=\"lazy\" decoding=\"async\" src=\"http:\/\/menuetcie.com\/wp-content\/uploads\/2024\/02\/napperon-300x225.png\" width=\"479\" height=\"359\" alt=\"Napperon sur mesure\" class=\"wp-image-3899 alignnone size-medium\" style=\"display: block; margin-left: auto; margin-right: auto;\" \/><\/p>\n<h3>Mat\u00e9riaux de premier choix<\/h3>\n<ul>\n<li><strong>Cuir synth\u00e9tique Italien :<\/strong> Pour une touche d&rsquo;\u00e9l\u00e9gance et de sophistication, optez pour notre finition en cuir synth\u00e9tique italien, connu pour sa durabilit\u00e9 et son aspect luxueux.<\/li>\n<li><strong>Cartons lamin\u00e9s :<\/strong> Choisissez la robustesse et la praticit\u00e9 avec nos cartons lamin\u00e9s, id\u00e9als pour un usage quotidien tout en conservant une apparence soign\u00e9e.<\/li>\n<li><strong>Toile de qualit\u00e9 :<\/strong> Laissez-vous s\u00e9duire par nos toiles de haute qualit\u00e9, offrant \u00e0 la fois r\u00e9sistance et esth\u00e9tique pour une ambiance chaleureuse et accueillante.<\/li>\n<\/ul>\n<p><strong>Embossage de logo<\/strong> : Mettez en avant votre marque gr\u00e2ce \u00e0 notre option d\u2019embossage, disponible avec ou sans ajout de couleur, permettant une personnalisation distincte et sophistiqu\u00e9e de vos napperons.<strong><\/strong><\/p>\n<p><strong>Personnalisation des couleurs :<\/strong> Nous offrons une large palette de couleurs pour chaque mat\u00e9riau, vous permettant de personnaliser vos napperons selon vos go\u00fbts et l&rsquo;ambiance de votre espace.<\/p>\n<p><strong>Finitions des dessous :<\/strong> Pour compl\u00e9ter l&rsquo;aspect et la fonctionnalit\u00e9 de nos napperons, choisissez parmi nos finitions de dessous en toile, su\u00e8de, ou velours. Chaque option offre une protection suppl\u00e9mentaire \u00e0 vos surfaces tout en ajoutant une touche de raffinement.<\/p>\n<p>Nos <strong>napperons sur mesure<\/strong> sont le choix id\u00e9al pour ceux qui recherchent qualit\u00e9, durabilit\u00e9 et \u00e9l\u00e9gance. Explorez les possibilit\u00e9s infinies et cr\u00e9ez l&rsquo;ambiance parfaite avec nos solutions personnalis\u00e9es.<\/p>\n<p>Pour plus d&rsquo;informations ou pour passer commande, n&rsquo;h\u00e9sitez pas \u00e0 <a href=\"#contact\">contacter notre \u00e9quipe<\/a>. Nous sommes \u00e0 votre disposition pour vous aider \u00e0 trouver la solution parfaite qui r\u00e9pond \u00e0 vos attentes.<\/p>\n<p>[\/et_pb_text][\/et_pb_column][\/et_pb_row][et_pb_row _builder_version=\u00a0\u00bb4.16&Prime; custom_margin=\u00a0\u00bb30px||||false|false\u00a0\u00bb global_colors_info=\u00a0\u00bb{}\u00a0\u00bb][et_pb_column type=\u00a0\u00bb4_4&Prime; _builder_version=\u00a0\u00bb4.16&Prime; global_colors_info=\u00a0\u00bb{}\u00a0\u00bb][et_pb_button button_url=\u00a0\u00bbhttp:\/\/menuetcie.com\/a-propos\/#contact\u00a0\u00bb button_text=\u00a0\u00bbObtenez une soumission\u00a0\u00bb button_alignment=\u00a0\u00bbcenter\u00a0\u00bb button_alignment_tablet=\u00a0\u00bb\u00a0\u00bb button_alignment_phone=\u00a0\u00bbleft\u00a0\u00bb button_alignment_last_edited=\u00a0\u00bbon|desktop\u00a0\u00bb _builder_version=\u00a0\u00bb4.22.1&Prime; custom_button=\u00a0\u00bbon\u00a0\u00bb button_text_size=\u00a0\u00bb16px\u00a0\u00bb button_text_color=\u00a0\u00bb#ffffff\u00a0\u00bb button_bg_color=\u00a0\u00bb#d36743&Prime; button_border_width=\u00a0\u00bb1px\u00a0\u00bb button_border_color=\u00a0\u00bbrgba(255,255,255,0)\u00a0\u00bb button_border_radius=\u00a0\u00bb0px\u00a0\u00bb button_letter_spacing=\u00a0\u00bb2px\u00a0\u00bb button_font=\u00a0\u00bbArtegra_Sans-400-Regular|||on|||||\u00a0\u00bb button_icon=\u00a0\u00bb&#x24;||divi||400&Prime; z_index=\u00a0\u00bb100&Prime; background_layout=\u00a0\u00bbdark\u00a0\u00bb custom_margin=\u00a0\u00bb||||false|false\u00a0\u00bb custom_padding=\u00a0\u00bb7px|16px|7px|16px|true|true\u00a0\u00bb animation_style=\u00a0\u00bbslide\u00a0\u00bb animation_direction=\u00a0\u00bbtop\u00a0\u00bb animation_intensity_slide=\u00a0\u00bb3%\u00a0\u00bb animation_starting_opacity=\u00a0\u00bb100%\u00a0\u00bb custom_css_main_element=\u00a0\u00bbtext-align:center;\u00a0\u00bb global_colors_info=\u00a0\u00bb{}\u00a0\u00bb button_text_size__hover_enabled=\u00a0\u00bboff\u00a0\u00bb button_one_text_size__hover_enabled=\u00a0\u00bboff\u00a0\u00bb button_two_text_size__hover_enabled=\u00a0\u00bboff\u00a0\u00bb button_text_color__hover_enabled=\u00a0\u00bboff\u00a0\u00bb button_one_text_color__hover_enabled=\u00a0\u00bboff\u00a0\u00bb button_two_text_color__hover_enabled=\u00a0\u00bboff\u00a0\u00bb button_border_width__hover_enabled=\u00a0\u00bboff\u00a0\u00bb button_one_border_width__hover_enabled=\u00a0\u00bboff\u00a0\u00bb button_two_border_width__hover_enabled=\u00a0\u00bboff\u00a0\u00bb button_border_color__hover_enabled=\u00a0\u00bboff\u00a0\u00bb button_one_border_color__hover_enabled=\u00a0\u00bboff\u00a0\u00bb button_two_border_color__hover_enabled=\u00a0\u00bboff\u00a0\u00bb button_border_radius__hover_enabled=\u00a0\u00bboff\u00a0\u00bb button_one_border_radius__hover_enabled=\u00a0\u00bboff\u00a0\u00bb button_two_border_radius__hover_enabled=\u00a0\u00bboff\u00a0\u00bb button_letter_spacing__hover_enabled=\u00a0\u00bbon|hover\u00a0\u00bb button_one_letter_spacing__hover_enabled=\u00a0\u00bboff\u00a0\u00bb button_two_letter_spacing__hover_enabled=\u00a0\u00bboff\u00a0\u00bb button_bg_color__hover_enabled=\u00a0\u00bboff\u00a0\u00bb button_one_bg_color__hover_enabled=\u00a0\u00bboff\u00a0\u00bb button_two_bg_color__hover_enabled=\u00a0\u00bboff\u00a0\u00bb button_letter_spacing__hover=\u00a0\u00bb2px\u00a0\u00bb custom_margin__hover=\u00a0\u00bb||||false|false\u00a0\u00bb custom_margin__hover_enabled=\u00a0\u00bbon|hover\u00a0\u00bb custom_padding__hover=\u00a0\u00bb|40px|||false|false\u00a0\u00bb custom_padding__hover_enabled=\u00a0\u00bbon|desktop\u00a0\u00bb][\/et_pb_button][\/et_pb_column][\/et_pb_row][\/et_pb_section]<\/p>\n","protected":false},"excerpt":{"rendered":"<p>NapperonsNapperons sur-mesure de haute qualit\u00e9 D\u00e9couvrez notre collection exclusive de napperons, confectionn\u00e9s sur mesure pour r\u00e9pondre \u00e0 vos besoins sp\u00e9cifiques. Avec une attention particuli\u00e8re port\u00e9e aux d\u00e9tails et \u00e0 la qualit\u00e9, nos napperons sont disponibles dans une vari\u00e9t\u00e9 de finitions et de mat\u00e9riaux haut de gamme pour s&rsquo;adapter parfaitement \u00e0 l&rsquo;esth\u00e9tique de votre espace. Mat\u00e9riaux [&hellip;]<\/p>\n","protected":false},"author":1,"featured_media":0,"parent":0,"menu_order":0,"comment_status":"closed","ping_status":"closed","template":"","meta":{"_et_pb_use_builder":"on","_et_pb_old_content":"","_et_gb_content_width":"","footnotes":""},"class_list":["post-3894","page","type-page","status-publish","hentry"],"yoast_head":"<!-- This site is optimized with the Yoast SEO plugin v27.4 - https:\/\/yoast.com\/product\/yoast-seo-wordpress\/ -->\n<title>Napperons - Menu et cie<\/title>\n<meta name=\"robots\" content=\"index, follow, max-snippet:-1, max-image-preview:large, max-video-preview:-1\" \/>\n<link rel=\"canonical\" href=\"https:\/\/menuetcie.com\/en\/napperons\/\" \/>\n<meta property=\"og:locale\" content=\"en_US\" \/>\n<meta property=\"og:type\" content=\"article\" \/>\n<meta property=\"og:title\" content=\"Napperons - Menu et cie\" \/>\n<meta property=\"og:description\" content=\"NapperonsNapperons sur-mesure de haute qualit\u00e9 D\u00e9couvrez notre collection exclusive de napperons, confectionn\u00e9s sur mesure pour r\u00e9pondre \u00e0 vos besoins sp\u00e9cifiques. Avec une attention particuli\u00e8re port\u00e9e aux d\u00e9tails et \u00e0 la qualit\u00e9, nos napperons sont disponibles dans une vari\u00e9t\u00e9 de finitions et de mat\u00e9riaux haut de gamme pour s&#039;adapter parfaitement \u00e0 l&#039;esth\u00e9tique de votre espace. Mat\u00e9riaux [&hellip;]\" \/>\n<meta property=\"og:url\" content=\"https:\/\/menuetcie.com\/en\/napperons\/\" \/>\n<meta property=\"og:site_name\" content=\"Menu et cie\" \/>\n<meta property=\"article:modified_time\" content=\"2024-02-18T12:35:47+00:00\" \/>\n<meta property=\"og:image\" content=\"http:\/\/menuetcie.com\/wp-content\/uploads\/2024\/02\/napperon-300x225.png\" \/>\n<meta name=\"twitter:card\" content=\"summary_large_image\" \/>\n<script type=\"application\/ld+json\" class=\"yoast-schema-graph\">{\"@context\":\"https:\\\/\\\/schema.org\",\"@graph\":[{\"@type\":\"WebPage\",\"@id\":\"https:\\\/\\\/menuetcie.com\\\/napperons\\\/\",\"url\":\"https:\\\/\\\/menuetcie.com\\\/napperons\\\/\",\"name\":\"Napperons - Menu et cie\",\"isPartOf\":{\"@id\":\"https:\\\/\\\/menuetcie.com\\\/#website\"},\"primaryImageOfPage\":{\"@id\":\"https:\\\/\\\/menuetcie.com\\\/napperons\\\/#primaryimage\"},\"image\":{\"@id\":\"https:\\\/\\\/menuetcie.com\\\/napperons\\\/#primaryimage\"},\"thumbnailUrl\":\"http:\\\/\\\/menuetcie.com\\\/wp-content\\\/uploads\\\/2024\\\/02\\\/napperon-300x225.png\",\"datePublished\":\"2024-02-17T17:20:11+00:00\",\"dateModified\":\"2024-02-18T12:35:47+00:00\",\"breadcrumb\":{\"@id\":\"https:\\\/\\\/menuetcie.com\\\/napperons\\\/#breadcrumb\"},\"inLanguage\":\"en-CA\",\"potentialAction\":[{\"@type\":\"ReadAction\",\"target\":[\"https:\\\/\\\/menuetcie.com\\\/napperons\\\/\"]}]},{\"@type\":\"ImageObject\",\"inLanguage\":\"en-CA\",\"@id\":\"https:\\\/\\\/menuetcie.com\\\/napperons\\\/#primaryimage\",\"url\":\"http:\\\/\\\/menuetcie.com\\\/wp-content\\\/uploads\\\/2024\\\/02\\\/napperon-300x225.png\",\"contentUrl\":\"http:\\\/\\\/menuetcie.com\\\/wp-content\\\/uploads\\\/2024\\\/02\\\/napperon-300x225.png\"},{\"@type\":\"BreadcrumbList\",\"@id\":\"https:\\\/\\\/menuetcie.com\\\/napperons\\\/#breadcrumb\",\"itemListElement\":[{\"@type\":\"ListItem\",\"position\":1,\"name\":\"Home\",\"item\":\"https:\\\/\\\/menuetcie.com\\\/\"},{\"@type\":\"ListItem\",\"position\":2,\"name\":\"Napperons\"}]},{\"@type\":\"WebSite\",\"@id\":\"https:\\\/\\\/menuetcie.com\\\/#website\",\"url\":\"https:\\\/\\\/menuetcie.com\\\/\",\"name\":\"Menu et cie\",\"description\":\"Couvertures de menus\",\"publisher\":{\"@id\":\"https:\\\/\\\/menuetcie.com\\\/#organization\"},\"potentialAction\":[{\"@type\":\"SearchAction\",\"target\":{\"@type\":\"EntryPoint\",\"urlTemplate\":\"https:\\\/\\\/menuetcie.com\\\/?s={search_term_string}\"},\"query-input\":{\"@type\":\"PropertyValueSpecification\",\"valueRequired\":true,\"valueName\":\"search_term_string\"}}],\"inLanguage\":\"en-CA\"},{\"@type\":\"Organization\",\"@id\":\"https:\\\/\\\/menuetcie.com\\\/#organization\",\"name\":\"Menu et cie\",\"url\":\"https:\\\/\\\/menuetcie.com\\\/\",\"logo\":{\"@type\":\"ImageObject\",\"inLanguage\":\"en-CA\",\"@id\":\"https:\\\/\\\/menuetcie.com\\\/#\\\/schema\\\/logo\\\/image\\\/\",\"url\":\"http:\\\/\\\/menuetcie.com\\\/wp-content\\\/uploads\\\/2020\\\/02\\\/favicon.jpg\",\"contentUrl\":\"http:\\\/\\\/menuetcie.com\\\/wp-content\\\/uploads\\\/2020\\\/02\\\/favicon.jpg\",\"width\":150,\"height\":150,\"caption\":\"Menu et cie\"},\"image\":{\"@id\":\"https:\\\/\\\/menuetcie.com\\\/#\\\/schema\\\/logo\\\/image\\\/\"}}]}<\/script>\n<!-- \/ Yoast SEO plugin. -->","yoast_head_json":{"title":"Placemats - Menu and Co.","robots":{"index":"index","follow":"follow","max-snippet":"max-snippet:-1","max-image-preview":"max-image-preview:large","max-video-preview":"max-video-preview:-1"},"canonical":"https:\/\/menuetcie.com\/en\/napperons\/","og_locale":"en_US","og_type":"article","og_title":"Napperons - Menu et cie","og_description":"NapperonsNapperons sur-mesure de haute qualit\u00e9 D\u00e9couvrez notre collection exclusive de napperons, confectionn\u00e9s sur mesure pour r\u00e9pondre \u00e0 vos besoins sp\u00e9cifiques. Avec une attention particuli\u00e8re port\u00e9e aux d\u00e9tails et \u00e0 la qualit\u00e9, nos napperons sont disponibles dans une vari\u00e9t\u00e9 de finitions et de mat\u00e9riaux haut de gamme pour s'adapter parfaitement \u00e0 l'esth\u00e9tique de votre espace. Mat\u00e9riaux [&hellip;]","og_url":"https:\/\/menuetcie.com\/en\/napperons\/","og_site_name":"Menu et cie","article_modified_time":"2024-02-18T12:35:47+00:00","og_image":[{"url":"http:\/\/menuetcie.com\/wp-content\/uploads\/2024\/02\/napperon-300x225.png","type":"","width":"","height":""}],"twitter_card":"summary_large_image","schema":{"@context":"https:\/\/schema.org","@graph":[{"@type":"WebPage","@id":"https:\/\/menuetcie.com\/napperons\/","url":"https:\/\/menuetcie.com\/napperons\/","name":"Placemats - Menu and Co.","isPartOf":{"@id":"https:\/\/menuetcie.com\/#website"},"primaryImageOfPage":{"@id":"https:\/\/menuetcie.com\/napperons\/#primaryimage"},"image":{"@id":"https:\/\/menuetcie.com\/napperons\/#primaryimage"},"thumbnailUrl":"http:\/\/menuetcie.com\/wp-content\/uploads\/2024\/02\/napperon-300x225.png","datePublished":"2024-02-17T17:20:11+00:00","dateModified":"2024-02-18T12:35:47+00:00","breadcrumb":{"@id":"https:\/\/menuetcie.com\/napperons\/#breadcrumb"},"inLanguage":"en-CA","potentialAction":[{"@type":"ReadAction","target":["https:\/\/menuetcie.com\/napperons\/"]}]},{"@type":"ImageObject","inLanguage":"en-CA","@id":"https:\/\/menuetcie.com\/napperons\/#primaryimage","url":"http:\/\/menuetcie.com\/wp-content\/uploads\/2024\/02\/napperon-300x225.png","contentUrl":"http:\/\/menuetcie.com\/wp-content\/uploads\/2024\/02\/napperon-300x225.png"},{"@type":"BreadcrumbList","@id":"https:\/\/menuetcie.com\/napperons\/#breadcrumb","itemListElement":[{"@type":"ListItem","position":1,"name":"Home","item":"https:\/\/menuetcie.com\/"},{"@type":"ListItem","position":2,"name":"Napperons"}]},{"@type":"WebSite","@id":"https:\/\/menuetcie.com\/#website","url":"https:\/\/menuetcie.com\/","name":"Menu and Co.","description":"Menu covers","publisher":{"@id":"https:\/\/menuetcie.com\/#organization"},"potentialAction":[{"@type":"SearchAction","target":{"@type":"EntryPoint","urlTemplate":"https:\/\/menuetcie.com\/?s={search_term_string}"},"query-input":{"@type":"PropertyValueSpecification","valueRequired":true,"valueName":"search_term_string"}}],"inLanguage":"en-CA"},{"@type":"Organization","@id":"https:\/\/menuetcie.com\/#organization","name":"Menu and Co.","url":"https:\/\/menuetcie.com\/","logo":{"@type":"ImageObject","inLanguage":"en-CA","@id":"https:\/\/menuetcie.com\/#\/schema\/logo\/image\/","url":"http:\/\/menuetcie.com\/wp-content\/uploads\/2020\/02\/favicon.jpg","contentUrl":"http:\/\/menuetcie.com\/wp-content\/uploads\/2020\/02\/favicon.jpg","width":150,"height":150,"caption":"Menu et cie"},"image":{"@id":"https:\/\/menuetcie.com\/#\/schema\/logo\/image\/"}}]}},"_links":{"self":[{"href":"https:\/\/menuetcie.com\/en\/wp-json\/wp\/v2\/pages\/3894","targetHints":{"allow":["GET"]}}],"collection":[{"href":"https:\/\/menuetcie.com\/en\/wp-json\/wp\/v2\/pages"}],"about":[{"href":"https:\/\/menuetcie.com\/en\/wp-json\/wp\/v2\/types\/page"}],"author":[{"embeddable":true,"href":"https:\/\/menuetcie.com\/en\/wp-json\/wp\/v2\/users\/1"}],"replies":[{"embeddable":true,"href":"https:\/\/menuetcie.com\/en\/wp-json\/wp\/v2\/comments?post=3894"}],"version-history":[{"count":0,"href":"https:\/\/menuetcie.com\/en\/wp-json\/wp\/v2\/pages\/3894\/revisions"}],"wp:attachment":[{"href":"https:\/\/menuetcie.com\/en\/wp-json\/wp\/v2\/media?parent=3894"}],"curies":[{"name":"wp","href":"https:\/\/api.w.org\/{rel}","templated":true}]}}