{"id":3886,"date":"2024-02-17T17:04:38","date_gmt":"2024-02-17T17:04:38","guid":{"rendered":"http:\/\/menuetcie.com\/?page_id=3886"},"modified":"2024-02-17T17:07:54","modified_gmt":"2024-02-17T17:07:54","slug":"garantie","status":"publish","type":"page","link":"https:\/\/menuetcie.com\/en\/garantie\/","title":{"rendered":"Warranty"},"content":{"rendered":"<p>[et_pb_section fb_built=\u00a0\u00bb1&Prime; custom_padding_last_edited=\u00a0\u00bbon|tablet\u00a0\u00bb admin_label=\u00a0\u00bbFeature Section\u00a0\u00bb _builder_version=\u00a0\u00bb4.22.1&Prime; background_color=\u00a0\u00bb#f7f7f7&Prime; use_background_color_gradient=\u00a0\u00bbon\u00a0\u00bb background_color_gradient_stops=\u00a0\u00bbrgba(0,0,0,0.17) 95%|#ffffff 100%\u00a0\u00bb background_color_gradient_overlays_image=\u00a0\u00bbon\u00a0\u00bb background_color_gradient_start=\u00a0\u00bbrgba(0,0,0,0.17)\u00a0\u00bb background_color_gradient_start_position=\u00a0\u00bb95%\u00a0\u00bb background_color_gradient_end=\u00a0\u00bb#ffffff\u00a0\u00bb background_image=\u00a0\u00bbhttp:\/\/menuetcie.com\/wp-content\/uploads\/2020\/06\/background-texture-carton-gris-pale-court2.png\u00a0\u00bb background_position=\u00a0\u00bbbottom_center\u00a0\u00bb custom_padding_tablet=\u00a0\u00bb50px||50px||true|false\u00a0\u00bb custom_padding_phone=\u00a0\u00bb50px||50px||true|false\u00a0\u00bb global_colors_info=\u00a0\u00bb{}\u00a0\u00bb][et_pb_row custom_padding_last_edited=\u00a0\u00bbon|desktop\u00a0\u00bb admin_label=\u00a0\u00bbRow\u00a0\u00bb _builder_version=\u00a0\u00bb4.16&Prime; width=\u00a0\u00bb88%\u00a0\u00bb module_alignment=\u00a0\u00bbcenter\u00a0\u00bb custom_margin=\u00a0\u00bb|auto||auto|false|false\u00a0\u00bb custom_margin_tablet=\u00a0\u00bb|auto|0px|auto|false|false\u00a0\u00bb custom_margin_phone=\u00a0\u00bb\u00a0\u00bb custom_margin_last_edited=\u00a0\u00bbon|tablet\u00a0\u00bb custom_padding=\u00a0\u00bb||||false|false\u00a0\u00bb custom_padding_tablet=\u00a0\u00bb|||0px|false|false\u00a0\u00bb custom_padding_phone=\u00a0\u00bb\u00a0\u00bb use_custom_width=\u00a0\u00bbon\u00a0\u00bb width_unit=\u00a0\u00bboff\u00a0\u00bb custom_width_percent=\u00a0\u00bb88%\u00a0\u00bb locked=\u00a0\u00bboff\u00a0\u00bb global_colors_info=\u00a0\u00bb{}\u00a0\u00bb][et_pb_column type=\u00a0\u00bb4_4&Prime; _builder_version=\u00a0\u00bb4.16&Prime; custom_padding=\u00a0\u00bb|40px||40px\u00a0\u00bb global_colors_info=\u00a0\u00bb{}\u00a0\u00bb custom_padding__hover=\u00a0\u00bb|||\u00a0\u00bb][et_pb_text admin_label=\u00a0\u00bbTitle\u00a0\u00bb _builder_version=\u00a0\u00bb4.16&Prime; text_font=\u00a0\u00bbQuattrocento||||||||\u00a0\u00bb text_font_size=\u00a0\u00bb22px\u00a0\u00bb text_line_height=\u00a0\u00bb1.4em\u00a0\u00bb header_font=\u00a0\u00bb|300||on|||||\u00a0\u00bb header_text_align=\u00a0\u00bbcenter\u00a0\u00bb header_font_size=\u00a0\u00bb63px\u00a0\u00bb header_letter_spacing=\u00a0\u00bb14px\u00a0\u00bb header_line_height=\u00a0\u00bb1.4em\u00a0\u00bb text_orientation=\u00a0\u00bbcenter\u00a0\u00bb background_layout=\u00a0\u00bbdark\u00a0\u00bb module_alignment=\u00a0\u00bbleft\u00a0\u00bb custom_margin=\u00a0\u00bb|||0px|false|false\u00a0\u00bb custom_padding=\u00a0\u00bb||||false|false\u00a0\u00bb animation_style=\u00a0\u00bbslide\u00a0\u00bb animation_direction=\u00a0\u00bbtop\u00a0\u00bb animation_intensity_slide=\u00a0\u00bb3%\u00a0\u00bb animation_starting_opacity=\u00a0\u00bb100%\u00a0\u00bb header_text_align_tablet=\u00a0\u00bb\u00a0\u00bb header_text_align_phone=\u00a0\u00bbcenter\u00a0\u00bb header_text_align_last_edited=\u00a0\u00bbon|phone\u00a0\u00bb header_font_size_tablet=\u00a0\u00bb40px\u00a0\u00bb header_font_size_phone=\u00a0\u00bb30px\u00a0\u00bb header_font_size_last_edited=\u00a0\u00bbon|desktop\u00a0\u00bb header_letter_spacing_tablet=\u00a0\u00bb10px\u00a0\u00bb header_letter_spacing_phone=\u00a0\u00bb8px\u00a0\u00bb header_letter_spacing_last_edited=\u00a0\u00bbon|tablet\u00a0\u00bb custom_css_main_element=\u00a0\u00bbmin-width: 440px\u00a0\u00bb global_colors_info=\u00a0\u00bb{}\u00a0\u00bb custom_css_main_element_last_edited=\u00a0\u00bbon|tablet\u00a0\u00bb custom_css_main_element_tablet=\u00a0\u00bbmin-width: inherit;\u00a0\u00bb custom_css_main_element_phone=\u00a0\u00bbmin-width: inherit;\u00a0\u00bb]<\/p>\n<h1 style=\"text-align: left;\">Nos garanties<\/h1>\n<p>[\/et_pb_text][\/et_pb_column][\/et_pb_row][\/et_pb_section][et_pb_section fb_built=\u00a0\u00bb1&Prime; custom_padding_last_edited=\u00a0\u00bbon|phone\u00a0\u00bb admin_label=\u00a0\u00bbFeatured Collections Section\u00a0\u00bb _builder_version=\u00a0\u00bb4.22.1&Prime; custom_padding=\u00a0\u00bb0px||50px||false|false\u00a0\u00bb custom_padding_tablet=\u00a0\u00bb50px||50px||true|false\u00a0\u00bb custom_padding_phone=\u00a0\u00bb50px||50px||true|false\u00a0\u00bb locked=\u00a0\u00bboff\u00a0\u00bb global_colors_info=\u00a0\u00bb{}\u00a0\u00bb][et_pb_row _builder_version=\u00a0\u00bb4.16&Prime; custom_margin=\u00a0\u00bb50px||||false|false\u00a0\u00bb custom_margin_tablet=\u00a0\u00bb10px||||false|false\u00a0\u00bb custom_margin_phone=\u00a0\u00bb\u00a0\u00bb custom_margin_last_edited=\u00a0\u00bbon|desktop\u00a0\u00bb locked=\u00a0\u00bboff\u00a0\u00bb global_colors_info=\u00a0\u00bb{}\u00a0\u00bb][et_pb_column type=\u00a0\u00bb4_4&Prime; _builder_version=\u00a0\u00bb4.16&Prime; custom_padding=\u00a0\u00bb|||\u00a0\u00bb global_colors_info=\u00a0\u00bb{}\u00a0\u00bb custom_padding__hover=\u00a0\u00bb|||\u00a0\u00bb][et_pb_text _builder_version=\u00a0\u00bb4.24.1&Prime; text_font=\u00a0\u00bbArtegra_Sans-400-Regular||||||||\u00a0\u00bb text_text_color=\u00a0\u00bb#585958&Prime; text_font_size=\u00a0\u00bb20px\u00a0\u00bb text_line_height=\u00a0\u00bb35px\u00a0\u00bb ul_font=\u00a0\u00bbArtegra_Sans-400-Regular||||||||\u00a0\u00bb ul_line_height=\u00a0\u00bb35px\u00a0\u00bb header_font=\u00a0\u00bb||||||||\u00a0\u00bb header_2_font=\u00a0\u00bb||||||||\u00a0\u00bb header_3_font=\u00a0\u00bbArtegra_Sans-300-Light|300|||||||\u00a0\u00bb header_3_text_align=\u00a0\u00bbleft\u00a0\u00bb header_3_text_color=\u00a0\u00bb#585958&Prime; header_3_font_size=\u00a0\u00bb26px\u00a0\u00bb header_3_letter_spacing=\u00a0\u00bb1.5px\u00a0\u00bb custom_margin=\u00a0\u00bb|||\u00a0\u00bb animation_style=\u00a0\u00bbfade\u00a0\u00bb animation_direction=\u00a0\u00bbleft\u00a0\u00bb text_font_size_tablet=\u00a0\u00bb18px\u00a0\u00bb text_font_size_phone=\u00a0\u00bb16px\u00a0\u00bb text_font_size_last_edited=\u00a0\u00bbon|desktop\u00a0\u00bb text_line_height_tablet=\u00a0\u00bb\u00a0\u00bb text_line_height_phone=\u00a0\u00bb1.5em\u00a0\u00bb text_line_height_last_edited=\u00a0\u00bbon|desktop\u00a0\u00bb ul_line_height_tablet=\u00a0\u00bb35px\u00a0\u00bb ul_line_height_phone=\u00a0\u00bb1.5em\u00a0\u00bb ul_line_height_last_edited=\u00a0\u00bbon|phone\u00a0\u00bb global_colors_info=\u00a0\u00bb{}\u00a0\u00bb]<\/p>\n<h2>Garantie de Qualit\u00e9 sur Nos Porte-Menus<\/h2>\n<p>Chez Menu et cie, nous sommes fiers de la qualit\u00e9 et de la durabilit\u00e9 de nos produits. Pour assurer votre enti\u00e8re satisfaction, nous proposons des <strong>garanties compl\u00e8tes sur notre gamme de porte-menus<\/strong>.<\/p>\n<h3>Porte-menus rigides et souples en cuir synth\u00e9tique\u00a0<\/h3>\n<p>Tous nos couvertures de menus, qu&rsquo;ils soient rigides ou souples avec finition en cuir synth\u00e9tique, sont couverts par une garantie de deux ans. Cette garantie couvre tous les d\u00e9fauts de fabrication, vous assurant un produit de qualit\u00e9 sup\u00e9rieure et une durabilit\u00e9 exceptionnelle.<\/p>\n<h3>Cartes \u00e0 fen\u00eatres<\/h3>\n<p>Pour nos cartes \u00e0 fen\u00eatres, nous offrons :<\/p>\n<ul>\n<li><strong>Garantie de deux ans sur les coutures :<\/strong> Nous garantissons la solidit\u00e9 des coutures de nos cartes \u00e0 fen\u00eatres pour deux ans. En cas de d\u00e9faut, nous nous engageons \u00e0 r\u00e9parer ou remplacer votre article.<\/li>\n<li><strong>Garantie \u00e0 vie sur les coins m\u00e9talliques :<\/strong> La robustesse des coins m\u00e9talliques de nos cartes \u00e0 fen\u00eatres est garantie \u00e0 vie. Si jamais un coin m\u00e9tallique venait \u00e0 se d\u00e9tacher, nous le remplacerons gratuitement.<\/li>\n<\/ul>\n<p>Chez Menu et cie, votre satisfaction est notre priorit\u00e9. Nos garanties sont le reflet de notre engagement \u00e0 fournir des <strong>produits durables et de haute qualit\u00e9<\/strong>. Pour toute demande ou information suppl\u00e9mentaire concernant nos garanties, n&rsquo;h\u00e9sitez pas \u00e0 <a href=\"#contact\">nous contacter<\/a>.<\/p>\n<p>[\/et_pb_text][\/et_pb_column][\/et_pb_row][et_pb_row _builder_version=\u00a0\u00bb4.16&Prime; custom_margin=\u00a0\u00bb30px||||false|false\u00a0\u00bb global_colors_info=\u00a0\u00bb{}\u00a0\u00bb][et_pb_column type=\u00a0\u00bb4_4&Prime; _builder_version=\u00a0\u00bb4.16&Prime; global_colors_info=\u00a0\u00bb{}\u00a0\u00bb][et_pb_button button_url=\u00a0\u00bbhttp:\/\/menuetcie.com\/a-propos\/#contact\u00a0\u00bb button_text=\u00a0\u00bbObtenez une soumission\u00a0\u00bb button_alignment=\u00a0\u00bbcenter\u00a0\u00bb button_alignment_tablet=\u00a0\u00bb\u00a0\u00bb button_alignment_phone=\u00a0\u00bbleft\u00a0\u00bb button_alignment_last_edited=\u00a0\u00bbon|desktop\u00a0\u00bb _builder_version=\u00a0\u00bb4.22.1&Prime; custom_button=\u00a0\u00bbon\u00a0\u00bb button_text_size=\u00a0\u00bb16px\u00a0\u00bb button_text_color=\u00a0\u00bb#ffffff\u00a0\u00bb button_bg_color=\u00a0\u00bb#d36743&Prime; button_border_width=\u00a0\u00bb1px\u00a0\u00bb button_border_color=\u00a0\u00bbrgba(255,255,255,0)\u00a0\u00bb button_border_radius=\u00a0\u00bb0px\u00a0\u00bb button_letter_spacing=\u00a0\u00bb2px\u00a0\u00bb button_font=\u00a0\u00bbArtegra_Sans-400-Regular|||on|||||\u00a0\u00bb button_icon=\u00a0\u00bb&#x24;||divi||400&Prime; z_index=\u00a0\u00bb100&Prime; background_layout=\u00a0\u00bbdark\u00a0\u00bb custom_margin=\u00a0\u00bb||||false|false\u00a0\u00bb custom_padding=\u00a0\u00bb7px|16px|7px|16px|true|true\u00a0\u00bb animation_style=\u00a0\u00bbslide\u00a0\u00bb animation_direction=\u00a0\u00bbtop\u00a0\u00bb animation_intensity_slide=\u00a0\u00bb3%\u00a0\u00bb animation_starting_opacity=\u00a0\u00bb100%\u00a0\u00bb custom_css_main_element=\u00a0\u00bbtext-align:center;\u00a0\u00bb global_colors_info=\u00a0\u00bb{}\u00a0\u00bb button_text_size__hover_enabled=\u00a0\u00bboff\u00a0\u00bb button_one_text_size__hover_enabled=\u00a0\u00bboff\u00a0\u00bb button_two_text_size__hover_enabled=\u00a0\u00bboff\u00a0\u00bb button_text_color__hover_enabled=\u00a0\u00bboff\u00a0\u00bb button_one_text_color__hover_enabled=\u00a0\u00bboff\u00a0\u00bb button_two_text_color__hover_enabled=\u00a0\u00bboff\u00a0\u00bb button_border_width__hover_enabled=\u00a0\u00bboff\u00a0\u00bb button_one_border_width__hover_enabled=\u00a0\u00bboff\u00a0\u00bb button_two_border_width__hover_enabled=\u00a0\u00bboff\u00a0\u00bb button_border_color__hover_enabled=\u00a0\u00bboff\u00a0\u00bb button_one_border_color__hover_enabled=\u00a0\u00bboff\u00a0\u00bb button_two_border_color__hover_enabled=\u00a0\u00bboff\u00a0\u00bb button_border_radius__hover_enabled=\u00a0\u00bboff\u00a0\u00bb button_one_border_radius__hover_enabled=\u00a0\u00bboff\u00a0\u00bb button_two_border_radius__hover_enabled=\u00a0\u00bboff\u00a0\u00bb button_letter_spacing__hover_enabled=\u00a0\u00bbon|hover\u00a0\u00bb button_one_letter_spacing__hover_enabled=\u00a0\u00bboff\u00a0\u00bb button_two_letter_spacing__hover_enabled=\u00a0\u00bboff\u00a0\u00bb button_bg_color__hover_enabled=\u00a0\u00bboff\u00a0\u00bb button_one_bg_color__hover_enabled=\u00a0\u00bboff\u00a0\u00bb button_two_bg_color__hover_enabled=\u00a0\u00bboff\u00a0\u00bb button_letter_spacing__hover=\u00a0\u00bb2px\u00a0\u00bb custom_margin__hover=\u00a0\u00bb||||false|false\u00a0\u00bb custom_margin__hover_enabled=\u00a0\u00bbon|hover\u00a0\u00bb custom_padding__hover=\u00a0\u00bb|40px|||false|false\u00a0\u00bb custom_padding__hover_enabled=\u00a0\u00bbon|desktop\u00a0\u00bb][\/et_pb_button][\/et_pb_column][\/et_pb_row][\/et_pb_section]<\/p>\n","protected":false},"excerpt":{"rendered":"<p>Nos garantiesGarantie de Qualit\u00e9 sur Nos Porte-Menus Chez Menu et cie, nous sommes fiers de la qualit\u00e9 et de la durabilit\u00e9 de nos produits. Pour assurer votre enti\u00e8re satisfaction, nous proposons des garanties compl\u00e8tes sur notre gamme de porte-menus. Porte-menus rigides et souples en cuir synth\u00e9tique\u00a0 Tous nos couvertures de menus, qu&rsquo;ils soient rigides ou [&hellip;]<\/p>\n","protected":false},"author":1,"featured_media":0,"parent":0,"menu_order":0,"comment_status":"closed","ping_status":"closed","template":"","meta":{"_et_pb_use_builder":"on","_et_pb_old_content":"","_et_gb_content_width":"","footnotes":""},"class_list":["post-3886","page","type-page","status-publish","hentry"],"yoast_head":"<!-- This site is optimized with the Yoast SEO plugin v27.4 - https:\/\/yoast.com\/product\/yoast-seo-wordpress\/ -->\n<title>Garantie - Menu et cie<\/title>\n<meta name=\"robots\" content=\"index, follow, max-snippet:-1, max-image-preview:large, max-video-preview:-1\" \/>\n<link rel=\"canonical\" href=\"https:\/\/menuetcie.com\/en\/garantie\/\" \/>\n<meta property=\"og:locale\" content=\"en_US\" \/>\n<meta property=\"og:type\" content=\"article\" \/>\n<meta property=\"og:title\" content=\"Garantie - Menu et cie\" \/>\n<meta property=\"og:description\" content=\"Nos garantiesGarantie de Qualit\u00e9 sur Nos Porte-Menus Chez Menu et cie, nous sommes fiers de la qualit\u00e9 et de la durabilit\u00e9 de nos produits. Pour assurer votre enti\u00e8re satisfaction, nous proposons des garanties compl\u00e8tes sur notre gamme de porte-menus. Porte-menus rigides et souples en cuir synth\u00e9tique\u00a0 Tous nos couvertures de menus, qu&#039;ils soient rigides ou [&hellip;]\" \/>\n<meta property=\"og:url\" content=\"https:\/\/menuetcie.com\/en\/garantie\/\" \/>\n<meta property=\"og:site_name\" content=\"Menu et cie\" \/>\n<meta property=\"article:modified_time\" content=\"2024-02-17T17:07:54+00:00\" \/>\n<meta name=\"twitter:card\" content=\"summary_large_image\" \/>\n<script type=\"application\/ld+json\" class=\"yoast-schema-graph\">{\"@context\":\"https:\\\/\\\/schema.org\",\"@graph\":[{\"@type\":\"WebPage\",\"@id\":\"https:\\\/\\\/menuetcie.com\\\/garantie\\\/\",\"url\":\"https:\\\/\\\/menuetcie.com\\\/garantie\\\/\",\"name\":\"Garantie - Menu et cie\",\"isPartOf\":{\"@id\":\"https:\\\/\\\/menuetcie.com\\\/#website\"},\"datePublished\":\"2024-02-17T17:04:38+00:00\",\"dateModified\":\"2024-02-17T17:07:54+00:00\",\"breadcrumb\":{\"@id\":\"https:\\\/\\\/menuetcie.com\\\/garantie\\\/#breadcrumb\"},\"inLanguage\":\"en-CA\",\"potentialAction\":[{\"@type\":\"ReadAction\",\"target\":[\"https:\\\/\\\/menuetcie.com\\\/garantie\\\/\"]}]},{\"@type\":\"BreadcrumbList\",\"@id\":\"https:\\\/\\\/menuetcie.com\\\/garantie\\\/#breadcrumb\",\"itemListElement\":[{\"@type\":\"ListItem\",\"position\":1,\"name\":\"Home\",\"item\":\"https:\\\/\\\/menuetcie.com\\\/\"},{\"@type\":\"ListItem\",\"position\":2,\"name\":\"Garantie\"}]},{\"@type\":\"WebSite\",\"@id\":\"https:\\\/\\\/menuetcie.com\\\/#website\",\"url\":\"https:\\\/\\\/menuetcie.com\\\/\",\"name\":\"Menu et cie\",\"description\":\"Couvertures de menus\",\"publisher\":{\"@id\":\"https:\\\/\\\/menuetcie.com\\\/#organization\"},\"potentialAction\":[{\"@type\":\"SearchAction\",\"target\":{\"@type\":\"EntryPoint\",\"urlTemplate\":\"https:\\\/\\\/menuetcie.com\\\/?s={search_term_string}\"},\"query-input\":{\"@type\":\"PropertyValueSpecification\",\"valueRequired\":true,\"valueName\":\"search_term_string\"}}],\"inLanguage\":\"en-CA\"},{\"@type\":\"Organization\",\"@id\":\"https:\\\/\\\/menuetcie.com\\\/#organization\",\"name\":\"Menu et cie\",\"url\":\"https:\\\/\\\/menuetcie.com\\\/\",\"logo\":{\"@type\":\"ImageObject\",\"inLanguage\":\"en-CA\",\"@id\":\"https:\\\/\\\/menuetcie.com\\\/#\\\/schema\\\/logo\\\/image\\\/\",\"url\":\"http:\\\/\\\/menuetcie.com\\\/wp-content\\\/uploads\\\/2020\\\/02\\\/favicon.jpg\",\"contentUrl\":\"http:\\\/\\\/menuetcie.com\\\/wp-content\\\/uploads\\\/2020\\\/02\\\/favicon.jpg\",\"width\":150,\"height\":150,\"caption\":\"Menu et cie\"},\"image\":{\"@id\":\"https:\\\/\\\/menuetcie.com\\\/#\\\/schema\\\/logo\\\/image\\\/\"}}]}<\/script>\n<!-- \/ Yoast SEO plugin. -->","yoast_head_json":{"title":"Guarantee - Menu and Co.","robots":{"index":"index","follow":"follow","max-snippet":"max-snippet:-1","max-image-preview":"max-image-preview:large","max-video-preview":"max-video-preview:-1"},"canonical":"https:\/\/menuetcie.com\/en\/garantie\/","og_locale":"en_US","og_type":"article","og_title":"Garantie - Menu et cie","og_description":"Nos garantiesGarantie de Qualit\u00e9 sur Nos Porte-Menus Chez Menu et cie, nous sommes fiers de la qualit\u00e9 et de la durabilit\u00e9 de nos produits. Pour assurer votre enti\u00e8re satisfaction, nous proposons des garanties compl\u00e8tes sur notre gamme de porte-menus. Porte-menus rigides et souples en cuir synth\u00e9tique\u00a0 Tous nos couvertures de menus, qu'ils soient rigides ou [&hellip;]","og_url":"https:\/\/menuetcie.com\/en\/garantie\/","og_site_name":"Menu et cie","article_modified_time":"2024-02-17T17:07:54+00:00","twitter_card":"summary_large_image","schema":{"@context":"https:\/\/schema.org","@graph":[{"@type":"WebPage","@id":"https:\/\/menuetcie.com\/garantie\/","url":"https:\/\/menuetcie.com\/garantie\/","name":"Guarantee - Menu and Co.","isPartOf":{"@id":"https:\/\/menuetcie.com\/#website"},"datePublished":"2024-02-17T17:04:38+00:00","dateModified":"2024-02-17T17:07:54+00:00","breadcrumb":{"@id":"https:\/\/menuetcie.com\/garantie\/#breadcrumb"},"inLanguage":"en-CA","potentialAction":[{"@type":"ReadAction","target":["https:\/\/menuetcie.com\/garantie\/"]}]},{"@type":"BreadcrumbList","@id":"https:\/\/menuetcie.com\/garantie\/#breadcrumb","itemListElement":[{"@type":"ListItem","position":1,"name":"Home","item":"https:\/\/menuetcie.com\/"},{"@type":"ListItem","position":2,"name":"Garantie"}]},{"@type":"WebSite","@id":"https:\/\/menuetcie.com\/#website","url":"https:\/\/menuetcie.com\/","name":"Menu and Co.","description":"Menu covers","publisher":{"@id":"https:\/\/menuetcie.com\/#organization"},"potentialAction":[{"@type":"SearchAction","target":{"@type":"EntryPoint","urlTemplate":"https:\/\/menuetcie.com\/?s={search_term_string}"},"query-input":{"@type":"PropertyValueSpecification","valueRequired":true,"valueName":"search_term_string"}}],"inLanguage":"en-CA"},{"@type":"Organization","@id":"https:\/\/menuetcie.com\/#organization","name":"Menu and Co.","url":"https:\/\/menuetcie.com\/","logo":{"@type":"ImageObject","inLanguage":"en-CA","@id":"https:\/\/menuetcie.com\/#\/schema\/logo\/image\/","url":"http:\/\/menuetcie.com\/wp-content\/uploads\/2020\/02\/favicon.jpg","contentUrl":"http:\/\/menuetcie.com\/wp-content\/uploads\/2020\/02\/favicon.jpg","width":150,"height":150,"caption":"Menu et cie"},"image":{"@id":"https:\/\/menuetcie.com\/#\/schema\/logo\/image\/"}}]}},"_links":{"self":[{"href":"https:\/\/menuetcie.com\/en\/wp-json\/wp\/v2\/pages\/3886","targetHints":{"allow":["GET"]}}],"collection":[{"href":"https:\/\/menuetcie.com\/en\/wp-json\/wp\/v2\/pages"}],"about":[{"href":"https:\/\/menuetcie.com\/en\/wp-json\/wp\/v2\/types\/page"}],"author":[{"embeddable":true,"href":"https:\/\/menuetcie.com\/en\/wp-json\/wp\/v2\/users\/1"}],"replies":[{"embeddable":true,"href":"https:\/\/menuetcie.com\/en\/wp-json\/wp\/v2\/comments?post=3886"}],"version-history":[{"count":0,"href":"https:\/\/menuetcie.com\/en\/wp-json\/wp\/v2\/pages\/3886\/revisions"}],"wp:attachment":[{"href":"https:\/\/menuetcie.com\/en\/wp-json\/wp\/v2\/media?parent=3886"}],"curies":[{"name":"wp","href":"https:\/\/api.w.org\/{rel}","templated":true}]}}