{"id":3857,"date":"2023-09-16T21:48:42","date_gmt":"2023-09-16T21:48:42","guid":{"rendered":"http:\/\/menuetcie.com\/?page_id=3857"},"modified":"2023-09-16T21:56:09","modified_gmt":"2023-09-16T21:56:09","slug":"faq","status":"publish","type":"page","link":"https:\/\/menuetcie.com\/en\/faq\/","title":{"rendered":"FAQ"},"content":{"rendered":"<p>[et_pb_section fb_built=\u00a0\u00bb1&Prime; custom_padding_last_edited=\u00a0\u00bbon|tablet\u00a0\u00bb admin_label=\u00a0\u00bbFeature Section\u00a0\u00bb _builder_version=\u00a0\u00bb4.22.1&Prime; background_color=\u00a0\u00bb#f7f7f7&Prime; use_background_color_gradient=\u00a0\u00bbon\u00a0\u00bb background_color_gradient_stops=\u00a0\u00bbrgba(0,0,0,0.17) 95%|#ffffff 100%\u00a0\u00bb background_color_gradient_overlays_image=\u00a0\u00bbon\u00a0\u00bb background_color_gradient_start=\u00a0\u00bbrgba(0,0,0,0.17)\u00a0\u00bb background_color_gradient_start_position=\u00a0\u00bb95%\u00a0\u00bb background_color_gradient_end=\u00a0\u00bb#ffffff\u00a0\u00bb background_image=\u00a0\u00bbhttp:\/\/menuetcie.com\/wp-content\/uploads\/2020\/06\/background-texture-carton-gris-pale-court2.png\u00a0\u00bb background_position=\u00a0\u00bbbottom_center\u00a0\u00bb custom_padding_tablet=\u00a0\u00bb50px||50px||true|false\u00a0\u00bb custom_padding_phone=\u00a0\u00bb50px||50px||true|false\u00a0\u00bb hover_enabled=\u00a0\u00bb0&Prime; global_colors_info=\u00a0\u00bb{}\u00a0\u00bb sticky_enabled=\u00a0\u00bb0&Prime;][et_pb_row custom_padding_last_edited=\u00a0\u00bbon|desktop\u00a0\u00bb admin_label=\u00a0\u00bbRow\u00a0\u00bb _builder_version=\u00a0\u00bb4.16&Prime; width=\u00a0\u00bb88%\u00a0\u00bb module_alignment=\u00a0\u00bbcenter\u00a0\u00bb custom_margin=\u00a0\u00bb|auto||auto|false|false\u00a0\u00bb custom_margin_tablet=\u00a0\u00bb|auto|0px|auto|false|false\u00a0\u00bb custom_margin_phone=\u00a0\u00bb\u00a0\u00bb custom_margin_last_edited=\u00a0\u00bbon|tablet\u00a0\u00bb custom_padding=\u00a0\u00bb||||false|false\u00a0\u00bb custom_padding_tablet=\u00a0\u00bb|||0px|false|false\u00a0\u00bb custom_padding_phone=\u00a0\u00bb\u00a0\u00bb use_custom_width=\u00a0\u00bbon\u00a0\u00bb width_unit=\u00a0\u00bboff\u00a0\u00bb custom_width_percent=\u00a0\u00bb88%\u00a0\u00bb locked=\u00a0\u00bboff\u00a0\u00bb global_colors_info=\u00a0\u00bb{}\u00a0\u00bb][et_pb_column type=\u00a0\u00bb4_4&Prime; _builder_version=\u00a0\u00bb4.16&Prime; custom_padding=\u00a0\u00bb|40px||40px\u00a0\u00bb global_colors_info=\u00a0\u00bb{}\u00a0\u00bb custom_padding__hover=\u00a0\u00bb|||\u00a0\u00bb][et_pb_text admin_label=\u00a0\u00bbTitle\u00a0\u00bb _builder_version=\u00a0\u00bb4.16&Prime; text_font=\u00a0\u00bbQuattrocento||||||||\u00a0\u00bb text_font_size=\u00a0\u00bb22px\u00a0\u00bb text_line_height=\u00a0\u00bb1.4em\u00a0\u00bb header_font=\u00a0\u00bb|300||on|||||\u00a0\u00bb header_text_align=\u00a0\u00bbcenter\u00a0\u00bb header_font_size=\u00a0\u00bb63px\u00a0\u00bb header_letter_spacing=\u00a0\u00bb14px\u00a0\u00bb header_line_height=\u00a0\u00bb1.4em\u00a0\u00bb text_orientation=\u00a0\u00bbcenter\u00a0\u00bb background_layout=\u00a0\u00bbdark\u00a0\u00bb module_alignment=\u00a0\u00bbleft\u00a0\u00bb custom_margin=\u00a0\u00bb|||0px|false|false\u00a0\u00bb custom_padding=\u00a0\u00bb||||false|false\u00a0\u00bb animation_style=\u00a0\u00bbslide\u00a0\u00bb animation_direction=\u00a0\u00bbtop\u00a0\u00bb animation_intensity_slide=\u00a0\u00bb3%\u00a0\u00bb animation_starting_opacity=\u00a0\u00bb100%\u00a0\u00bb header_text_align_tablet=\u00a0\u00bb\u00a0\u00bb header_text_align_phone=\u00a0\u00bbcenter\u00a0\u00bb header_text_align_last_edited=\u00a0\u00bbon|phone\u00a0\u00bb header_font_size_tablet=\u00a0\u00bb40px\u00a0\u00bb header_font_size_phone=\u00a0\u00bb30px\u00a0\u00bb header_font_size_last_edited=\u00a0\u00bbon|desktop\u00a0\u00bb header_letter_spacing_tablet=\u00a0\u00bb10px\u00a0\u00bb header_letter_spacing_phone=\u00a0\u00bb8px\u00a0\u00bb header_letter_spacing_last_edited=\u00a0\u00bbon|tablet\u00a0\u00bb custom_css_main_element=\u00a0\u00bbmin-width: 440px\u00a0\u00bb global_colors_info=\u00a0\u00bb{}\u00a0\u00bb custom_css_main_element_last_edited=\u00a0\u00bbon|tablet\u00a0\u00bb custom_css_main_element_tablet=\u00a0\u00bbmin-width: inherit;\u00a0\u00bb custom_css_main_element_phone=\u00a0\u00bbmin-width: inherit;\u00a0\u00bb]<\/p>\n<h1 style=\"text-align: left;\">FAQ<\/h1>\n<p>[\/et_pb_text][et_pb_text _builder_version=\u00a0\u00bb4.16&Prime; text_font=\u00a0\u00bbArtegra_Sans-400-Regular||||||||\u00a0\u00bb text_text_color=\u00a0\u00bb#ffffff\u00a0\u00bb text_font_size=\u00a0\u00bb20px\u00a0\u00bb text_line_height=\u00a0\u00bb35px\u00a0\u00bb header_font=\u00a0\u00bb||||||||\u00a0\u00bb header_2_font=\u00a0\u00bb||||||||\u00a0\u00bb header_3_font=\u00a0\u00bbArtegra_Sans-300-Light|300|||||||\u00a0\u00bb header_3_text_align=\u00a0\u00bbleft\u00a0\u00bb header_3_text_color=\u00a0\u00bb#ffffff\u00a0\u00bb header_3_font_size=\u00a0\u00bb26px\u00a0\u00bb header_3_letter_spacing=\u00a0\u00bb1.5px\u00a0\u00bb custom_margin=\u00a0\u00bb|||\u00a0\u00bb animation_style=\u00a0\u00bbfade\u00a0\u00bb animation_direction=\u00a0\u00bbleft\u00a0\u00bb text_font_size_tablet=\u00a0\u00bb18px\u00a0\u00bb text_font_size_phone=\u00a0\u00bb16px\u00a0\u00bb text_font_size_last_edited=\u00a0\u00bbon|desktop\u00a0\u00bb text_line_height_tablet=\u00a0\u00bb\u00a0\u00bb text_line_height_phone=\u00a0\u00bb1.5em\u00a0\u00bb text_line_height_last_edited=\u00a0\u00bbon|phone\u00a0\u00bb global_colors_info=\u00a0\u00bb{}\u00a0\u00bb]<\/p>\n<p>Bienvenue dans notre FAQ ! Ici, vous trouverez des r\u00e9ponses aux questions les plus fr\u00e9quemment pos\u00e9es concernant nos couvertures de menu, allant des mat\u00e9riaux utilis\u00e9s \u00e0 nos options de personnalisation. Naviguez \u00e0 travers cette section pour mieux comprendre notre engagement envers votre satisfaction.<\/p>\n<p>[\/et_pb_text][\/et_pb_column][\/et_pb_row][\/et_pb_section][et_pb_section fb_built=\u00a0\u00bb1&Prime; custom_padding_last_edited=\u00a0\u00bbon|phone\u00a0\u00bb admin_label=\u00a0\u00bbFeatured Collections Section\u00a0\u00bb _builder_version=\u00a0\u00bb4.22.1&Prime; custom_padding=\u00a0\u00bb0px||50px||false|false\u00a0\u00bb custom_padding_tablet=\u00a0\u00bb50px||50px||true|false\u00a0\u00bb custom_padding_phone=\u00a0\u00bb50px||50px||true|false\u00a0\u00bb hover_enabled=\u00a0\u00bb0&Prime; locked=\u00a0\u00bboff\u00a0\u00bb global_colors_info=\u00a0\u00bb{}\u00a0\u00bb sticky_enabled=\u00a0\u00bb0&Prime;][et_pb_row _builder_version=\u00a0\u00bb4.16&Prime; custom_margin=\u00a0\u00bb50px||||false|false\u00a0\u00bb custom_margin_tablet=\u00a0\u00bb10px||||false|false\u00a0\u00bb custom_margin_phone=\u00a0\u00bb\u00a0\u00bb custom_margin_last_edited=\u00a0\u00bbon|desktop\u00a0\u00bb locked=\u00a0\u00bboff\u00a0\u00bb global_colors_info=\u00a0\u00bb{}\u00a0\u00bb][et_pb_column type=\u00a0\u00bb4_4&Prime; _builder_version=\u00a0\u00bb4.16&Prime; custom_padding=\u00a0\u00bb|||\u00a0\u00bb global_colors_info=\u00a0\u00bb{}\u00a0\u00bb custom_padding__hover=\u00a0\u00bb|||\u00a0\u00bb][et_pb_text _builder_version=\u00a0\u00bb4.22.1&Prime; _module_preset=\u00a0\u00bbdefault\u00a0\u00bb global_colors_info=\u00a0\u00bb{}\u00a0\u00bb]<\/p>\n<h2>FAQ &#8211; Couvertures de Menu<\/h2>\n<hr \/>\n<p><strong>Quels sont vos d\u00e9lais de production et de livraison?<\/strong><br \/>Apr\u00e8s r\u00e9ception de votre confirmation de commande, le d\u00e9lai moyen de livraison est de 3 \u00e0 4 semaines.<\/p>\n<hr \/>\n<p><strong>Y a-t-il une quantit\u00e9 minimum de menus \u00e0 commander?<\/strong><br \/>Il n&rsquo;y a pas de quantit\u00e9 minimum car nous fabriquons sur demande. Cependant, des frais suppl\u00e9mentaires s&rsquo;appliquent pour les commandes de 20 articles ou moins.<\/p>\n<hr \/>\n<p><strong>Comment entretenir et nettoyer les couvertures de menu?<\/strong><br \/>Utilisez une lingette et de l&rsquo;eau douce savonneuse. \u00c9vitez les nettoyants abrasifs qui peuvent endommager les surfaces, notamment les logos qui risquent de s&rsquo;effacer \u00e0 la longue.<\/p>\n<hr \/>\n<p><strong>Quels sont les mat\u00e9riaux utilis\u00e9s pour vos couvertures de menu?<\/strong><br \/>Nos couvertures de menu sont principalement fabriqu\u00e9es en cuir synth\u00e9tique.<\/p>\n<hr \/>\n<p><strong>Offrez-vous des options de personnalisation pour les couvertures de menu?<\/strong><br \/>Oui, selon vos besoins, nous offrons un service de consultation gratuit pour personnaliser les menus.<\/p>\n<hr \/>\n<p><strong>Comment commander des couvertures de menu sur mesure?<\/strong><br \/>Vous pouvez passer votre commande par t\u00e9l\u00e9phone, email ou en rencontrant un repr\u00e9sentant.<\/p>\n<hr \/>\n<p><strong>Quelle est la durabilit\u00e9 de vos couvertures de menu?<\/strong><br \/>La dur\u00e9e de vie de nos porte-menus d\u00e9pend de leur utilisation et de leur entreposage. En moyenne, ils durent entre 5 \u00e0 7 ans.<\/p>\n<hr \/>\n<p><strong>Quels sont les formats disponibles pour vos couvertures de menu?<\/strong><br \/>Nous offrons tous les formats car nous fabriquons sur mesure.<\/p>\n<hr \/>\n<p><strong>Offrez-vous des r\u00e9ductions pour les commandes en gros?<\/strong><br \/>Oui, nous proposons des rabais substantiels pour les commandes importantes.<\/p>\n<hr \/>\n<p><strong>Comment choisir le bon design pour ma couverture de menu?<\/strong><br \/>Nous vous recommandons de discuter avec l&rsquo;un de nos sp\u00e9cialistes en menus.<\/p>\n<hr \/>\n<p><strong>Quelle est votre politique de retour et de remboursement?<\/strong><br \/>Tous nos produits sont garantis 2 ans contre les d\u00e9fauts de fabrication.<\/p>\n<hr \/>\n<p><strong>Qu&rsquo;est-ce qui vous d\u00e9marque des autres fabricants?<\/strong><br \/>Nous nous distinguons par notre service client exceptionnel. De plus, nous garantissons le meilleur prix pour une qualit\u00e9 et quantit\u00e9 \u00e9gales.<\/p>\n<p>[\/et_pb_text][\/et_pb_column][\/et_pb_row][et_pb_row _builder_version=\u00a0\u00bb4.16&Prime; custom_margin=\u00a0\u00bb30px||||false|false\u00a0\u00bb global_colors_info=\u00a0\u00bb{}\u00a0\u00bb][et_pb_column type=\u00a0\u00bb4_4&Prime; _builder_version=\u00a0\u00bb4.16&Prime; global_colors_info=\u00a0\u00bb{}\u00a0\u00bb][et_pb_button button_url=\u00a0\u00bbhttp:\/\/menuetcie.com\/a-propos\/#contact\u00a0\u00bb button_text=\u00a0\u00bbObtenez une soumission\u00a0\u00bb button_alignment=\u00a0\u00bbcenter\u00a0\u00bb button_alignment_tablet=\u00a0\u00bb\u00a0\u00bb button_alignment_phone=\u00a0\u00bbleft\u00a0\u00bb button_alignment_last_edited=\u00a0\u00bbon|desktop\u00a0\u00bb _builder_version=\u00a0\u00bb4.22.1&Prime; custom_button=\u00a0\u00bbon\u00a0\u00bb button_text_size=\u00a0\u00bb16px\u00a0\u00bb button_text_color=\u00a0\u00bb#ffffff\u00a0\u00bb button_bg_color=\u00a0\u00bb#d36743&Prime; button_border_width=\u00a0\u00bb1px\u00a0\u00bb button_border_color=\u00a0\u00bbrgba(255,255,255,0)\u00a0\u00bb button_border_radius=\u00a0\u00bb0px\u00a0\u00bb button_letter_spacing=\u00a0\u00bb2px\u00a0\u00bb button_font=\u00a0\u00bbArtegra_Sans-400-Regular|||on|||||\u00a0\u00bb button_icon=\u00a0\u00bb&#x24;||divi||400&Prime; z_index=\u00a0\u00bb100&Prime; background_layout=\u00a0\u00bbdark\u00a0\u00bb custom_margin=\u00a0\u00bb||||false|false\u00a0\u00bb custom_padding=\u00a0\u00bb7px|16px|7px|16px|true|true\u00a0\u00bb animation_style=\u00a0\u00bbslide\u00a0\u00bb animation_direction=\u00a0\u00bbtop\u00a0\u00bb animation_intensity_slide=\u00a0\u00bb3%\u00a0\u00bb animation_starting_opacity=\u00a0\u00bb100%\u00a0\u00bb hover_enabled=\u00a0\u00bb0&Prime; global_colors_info=\u00a0\u00bb{}\u00a0\u00bb button_text_size__hover_enabled=\u00a0\u00bboff\u00a0\u00bb button_one_text_size__hover_enabled=\u00a0\u00bboff\u00a0\u00bb button_two_text_size__hover_enabled=\u00a0\u00bboff\u00a0\u00bb button_text_color__hover_enabled=\u00a0\u00bboff\u00a0\u00bb button_one_text_color__hover_enabled=\u00a0\u00bboff\u00a0\u00bb button_two_text_color__hover_enabled=\u00a0\u00bboff\u00a0\u00bb button_border_width__hover_enabled=\u00a0\u00bboff\u00a0\u00bb button_one_border_width__hover_enabled=\u00a0\u00bboff\u00a0\u00bb button_two_border_width__hover_enabled=\u00a0\u00bboff\u00a0\u00bb button_border_color__hover_enabled=\u00a0\u00bboff\u00a0\u00bb button_one_border_color__hover_enabled=\u00a0\u00bboff\u00a0\u00bb button_two_border_color__hover_enabled=\u00a0\u00bboff\u00a0\u00bb button_border_radius__hover_enabled=\u00a0\u00bboff\u00a0\u00bb button_one_border_radius__hover_enabled=\u00a0\u00bboff\u00a0\u00bb button_two_border_radius__hover_enabled=\u00a0\u00bboff\u00a0\u00bb button_letter_spacing__hover_enabled=\u00a0\u00bbon|hover\u00a0\u00bb button_one_letter_spacing__hover_enabled=\u00a0\u00bboff\u00a0\u00bb button_two_letter_spacing__hover_enabled=\u00a0\u00bboff\u00a0\u00bb button_bg_color__hover_enabled=\u00a0\u00bboff\u00a0\u00bb button_one_bg_color__hover_enabled=\u00a0\u00bboff\u00a0\u00bb button_two_bg_color__hover_enabled=\u00a0\u00bboff\u00a0\u00bb button_letter_spacing__hover=\u00a0\u00bb2px\u00a0\u00bb custom_margin__hover=\u00a0\u00bb||||false|false\u00a0\u00bb custom_margin__hover_enabled=\u00a0\u00bbon|hover\u00a0\u00bb custom_padding__hover=\u00a0\u00bb|40px|||false|false\u00a0\u00bb custom_padding__hover_enabled=\u00a0\u00bbon|desktop\u00a0\u00bb custom_css_main_element=\u00a0\u00bbtext-align:center;\u00a0\u00bb sticky_enabled=\u00a0\u00bb0&Prime;][\/et_pb_button][\/et_pb_column][\/et_pb_row][\/et_pb_section]<\/p>\n","protected":false},"excerpt":{"rendered":"<p>FAQBienvenue dans notre FAQ ! Ici, vous trouverez des r\u00e9ponses aux questions les plus fr\u00e9quemment pos\u00e9es concernant nos couvertures de menu, allant des mat\u00e9riaux utilis\u00e9s \u00e0 nos options de personnalisation. Naviguez \u00e0 travers cette section pour mieux comprendre notre engagement envers votre satisfaction.FAQ &#8211; Couvertures de Menu Quels sont vos d\u00e9lais de production et de [&hellip;]<\/p>\n","protected":false},"author":1,"featured_media":0,"parent":0,"menu_order":0,"comment_status":"closed","ping_status":"closed","template":"","meta":{"_et_pb_use_builder":"on","_et_pb_old_content":"","_et_gb_content_width":"","footnotes":""},"class_list":["post-3857","page","type-page","status-publish","hentry"],"yoast_head":"<!-- This site is optimized with the Yoast SEO plugin v27.4 - https:\/\/yoast.com\/product\/yoast-seo-wordpress\/ -->\n<title>Personalisation de Couvertures de Menu | FAQ | Menu &amp; Cie<\/title>\n<meta name=\"description\" content=\"D\u00e9couvrez nos couvertures de menu, de la fabrication aux options de personnalisation. Parcourez notre FAQ et contactez nous pour obtenir une soumission.\" \/>\n<meta name=\"robots\" content=\"index, follow, max-snippet:-1, max-image-preview:large, max-video-preview:-1\" \/>\n<link rel=\"canonical\" href=\"https:\/\/menuetcie.com\/en\/faq\/\" \/>\n<meta property=\"og:locale\" content=\"en_US\" \/>\n<meta property=\"og:type\" content=\"article\" \/>\n<meta property=\"og:title\" content=\"Personalisation de Couvertures de Menu | FAQ | Menu &amp; Cie\" \/>\n<meta property=\"og:description\" content=\"D\u00e9couvrez nos couvertures de menu, de la fabrication aux options de personnalisation. Parcourez notre FAQ et contactez nous pour obtenir une soumission.\" \/>\n<meta property=\"og:url\" content=\"https:\/\/menuetcie.com\/en\/faq\/\" \/>\n<meta property=\"og:site_name\" content=\"Menu et cie\" \/>\n<meta property=\"article:modified_time\" content=\"2023-09-16T21:56:09+00:00\" \/>\n<meta name=\"twitter:card\" content=\"summary_large_image\" \/>\n<meta name=\"twitter:label1\" content=\"Est. reading time\" \/>\n\t<meta name=\"twitter:data1\" content=\"3 minutes\" \/>\n<script type=\"application\/ld+json\" class=\"yoast-schema-graph\">{\"@context\":\"https:\\\/\\\/schema.org\",\"@graph\":[{\"@type\":\"WebPage\",\"@id\":\"https:\\\/\\\/menuetcie.com\\\/faq\\\/\",\"url\":\"https:\\\/\\\/menuetcie.com\\\/faq\\\/\",\"name\":\"Personalisation de Couvertures de Menu | FAQ | Menu & Cie\",\"isPartOf\":{\"@id\":\"https:\\\/\\\/menuetcie.com\\\/#website\"},\"datePublished\":\"2023-09-16T21:48:42+00:00\",\"dateModified\":\"2023-09-16T21:56:09+00:00\",\"description\":\"D\u00e9couvrez nos couvertures de menu, de la fabrication aux options de personnalisation. Parcourez notre FAQ et contactez nous pour obtenir une soumission.\",\"breadcrumb\":{\"@id\":\"https:\\\/\\\/menuetcie.com\\\/faq\\\/#breadcrumb\"},\"inLanguage\":\"en-CA\",\"potentialAction\":[{\"@type\":\"ReadAction\",\"target\":[\"https:\\\/\\\/menuetcie.com\\\/faq\\\/\"]}]},{\"@type\":\"BreadcrumbList\",\"@id\":\"https:\\\/\\\/menuetcie.com\\\/faq\\\/#breadcrumb\",\"itemListElement\":[{\"@type\":\"ListItem\",\"position\":1,\"name\":\"Home\",\"item\":\"https:\\\/\\\/menuetcie.com\\\/\"},{\"@type\":\"ListItem\",\"position\":2,\"name\":\"FAQ\"}]},{\"@type\":\"WebSite\",\"@id\":\"https:\\\/\\\/menuetcie.com\\\/#website\",\"url\":\"https:\\\/\\\/menuetcie.com\\\/\",\"name\":\"Menu et cie\",\"description\":\"Couvertures de menus\",\"publisher\":{\"@id\":\"https:\\\/\\\/menuetcie.com\\\/#organization\"},\"potentialAction\":[{\"@type\":\"SearchAction\",\"target\":{\"@type\":\"EntryPoint\",\"urlTemplate\":\"https:\\\/\\\/menuetcie.com\\\/?s={search_term_string}\"},\"query-input\":{\"@type\":\"PropertyValueSpecification\",\"valueRequired\":true,\"valueName\":\"search_term_string\"}}],\"inLanguage\":\"en-CA\"},{\"@type\":\"Organization\",\"@id\":\"https:\\\/\\\/menuetcie.com\\\/#organization\",\"name\":\"Menu et cie\",\"url\":\"https:\\\/\\\/menuetcie.com\\\/\",\"logo\":{\"@type\":\"ImageObject\",\"inLanguage\":\"en-CA\",\"@id\":\"https:\\\/\\\/menuetcie.com\\\/#\\\/schema\\\/logo\\\/image\\\/\",\"url\":\"http:\\\/\\\/menuetcie.com\\\/wp-content\\\/uploads\\\/2020\\\/02\\\/favicon.jpg\",\"contentUrl\":\"http:\\\/\\\/menuetcie.com\\\/wp-content\\\/uploads\\\/2020\\\/02\\\/favicon.jpg\",\"width\":150,\"height\":150,\"caption\":\"Menu et cie\"},\"image\":{\"@id\":\"https:\\\/\\\/menuetcie.com\\\/#\\\/schema\\\/logo\\\/image\\\/\"}}]}<\/script>\n<!-- \/ Yoast SEO plugin. -->","yoast_head_json":{"title":"Customizing Menu Covers | FAQ | Menu &amp; Co","description":"Discover our menu covers, from manufacturing to customization options. Browse our FAQs and contact us for a quote.","robots":{"index":"index","follow":"follow","max-snippet":"max-snippet:-1","max-image-preview":"max-image-preview:large","max-video-preview":"max-video-preview:-1"},"canonical":"https:\/\/menuetcie.com\/en\/faq\/","og_locale":"en_US","og_type":"article","og_title":"Personalisation de Couvertures de Menu | FAQ | Menu & Cie","og_description":"D\u00e9couvrez nos couvertures de menu, de la fabrication aux options de personnalisation. Parcourez notre FAQ et contactez nous pour obtenir une soumission.","og_url":"https:\/\/menuetcie.com\/en\/faq\/","og_site_name":"Menu et cie","article_modified_time":"2023-09-16T21:56:09+00:00","twitter_card":"summary_large_image","twitter_misc":{"Est. reading time":"3 minutes"},"schema":{"@context":"https:\/\/schema.org","@graph":[{"@type":"WebPage","@id":"https:\/\/menuetcie.com\/faq\/","url":"https:\/\/menuetcie.com\/faq\/","name":"Customizing Menu Covers | FAQ | Menu &amp; Co","isPartOf":{"@id":"https:\/\/menuetcie.com\/#website"},"datePublished":"2023-09-16T21:48:42+00:00","dateModified":"2023-09-16T21:56:09+00:00","description":"Discover our menu covers, from manufacturing to customization options. Browse our FAQs and contact us for a quote.","breadcrumb":{"@id":"https:\/\/menuetcie.com\/faq\/#breadcrumb"},"inLanguage":"en-CA","potentialAction":[{"@type":"ReadAction","target":["https:\/\/menuetcie.com\/faq\/"]}]},{"@type":"BreadcrumbList","@id":"https:\/\/menuetcie.com\/faq\/#breadcrumb","itemListElement":[{"@type":"ListItem","position":1,"name":"Home","item":"https:\/\/menuetcie.com\/"},{"@type":"ListItem","position":2,"name":"FAQ"}]},{"@type":"WebSite","@id":"https:\/\/menuetcie.com\/#website","url":"https:\/\/menuetcie.com\/","name":"Menu and Co.","description":"Menu covers","publisher":{"@id":"https:\/\/menuetcie.com\/#organization"},"potentialAction":[{"@type":"SearchAction","target":{"@type":"EntryPoint","urlTemplate":"https:\/\/menuetcie.com\/?s={search_term_string}"},"query-input":{"@type":"PropertyValueSpecification","valueRequired":true,"valueName":"search_term_string"}}],"inLanguage":"en-CA"},{"@type":"Organization","@id":"https:\/\/menuetcie.com\/#organization","name":"Menu and Co.","url":"https:\/\/menuetcie.com\/","logo":{"@type":"ImageObject","inLanguage":"en-CA","@id":"https:\/\/menuetcie.com\/#\/schema\/logo\/image\/","url":"http:\/\/menuetcie.com\/wp-content\/uploads\/2020\/02\/favicon.jpg","contentUrl":"http:\/\/menuetcie.com\/wp-content\/uploads\/2020\/02\/favicon.jpg","width":150,"height":150,"caption":"Menu et cie"},"image":{"@id":"https:\/\/menuetcie.com\/#\/schema\/logo\/image\/"}}]}},"_links":{"self":[{"href":"https:\/\/menuetcie.com\/en\/wp-json\/wp\/v2\/pages\/3857","targetHints":{"allow":["GET"]}}],"collection":[{"href":"https:\/\/menuetcie.com\/en\/wp-json\/wp\/v2\/pages"}],"about":[{"href":"https:\/\/menuetcie.com\/en\/wp-json\/wp\/v2\/types\/page"}],"author":[{"embeddable":true,"href":"https:\/\/menuetcie.com\/en\/wp-json\/wp\/v2\/users\/1"}],"replies":[{"embeddable":true,"href":"https:\/\/menuetcie.com\/en\/wp-json\/wp\/v2\/comments?post=3857"}],"version-history":[{"count":0,"href":"https:\/\/menuetcie.com\/en\/wp-json\/wp\/v2\/pages\/3857\/revisions"}],"wp:attachment":[{"href":"https:\/\/menuetcie.com\/en\/wp-json\/wp\/v2\/media?parent=3857"}],"curies":[{"name":"wp","href":"https:\/\/api.w.org\/{rel}","templated":true}]}}