{"id":3292,"date":"2020-07-24T22:54:52","date_gmt":"2020-07-24T22:54:52","guid":{"rendered":"http:\/\/menuetcie.com\/?page_id=3292"},"modified":"2022-02-15T12:13:15","modified_gmt":"2022-02-15T12:13:15","slug":"demande-echantillons-sans-frais","status":"publish","type":"page","link":"https:\/\/menuetcie.com\/en\/demande-echantillons-sans-frais\/","title":{"rendered":"REQUEST FOR FREE SAMPLES"},"content":{"rendered":"<p>[et_pb_section fb_built=\u00a0\u00bb1&Prime; admin_label=\u00a0\u00bbHero Section\u00a0\u00bb _builder_version=\u00a0\u00bb4.5.2&Prime; use_background_color_gradient=\u00a0\u00bbon\u00a0\u00bb background_color_gradient_start=\u00a0\u00bbrgba(0,0,0,0)\u00a0\u00bb background_color_gradient_end=\u00a0\u00bbrgba(0,0,0,0.5)\u00a0\u00bb background_color_gradient_direction=\u00a0\u00bb0deg\u00a0\u00bb background_color_gradient_start_position=\u00a0\u00bb85%\u00a0\u00bb background_color_gradient_overlays_image=\u00a0\u00bbon\u00a0\u00bb background_image=\u00a0\u00bbhttp:\/\/menuetcie.com\/wp-content\/uploads\/2020\/08\/Echantillons-sans-frais-menu-et-cie.jpg\u00a0\u00bb background_position=\u00a0\u00bbtop_center\u00a0\u00bb min_height=\u00a0\u00bb109vh\u00a0\u00bb custom_margin=\u00a0\u00bb|||\u00a0\u00bb custom_padding=\u00a0\u00bb||||false|false\u00a0\u00bb locked=\u00a0\u00bboff\u00a0\u00bb global_colors_info=\u00a0\u00bb{}\u00a0\u00bb][et_pb_row custom_padding_last_edited=\u00a0\u00bbon|tablet\u00a0\u00bb _builder_version=\u00a0\u00bb4.3.2&Prime; background_size=\u00a0\u00bbinitial\u00a0\u00bb background_position=\u00a0\u00bbtop_left\u00a0\u00bb background_repeat=\u00a0\u00bbrepeat\u00a0\u00bb width=\u00a0\u00bb100%\u00a0\u00bb module_alignment=\u00a0\u00bbcenter\u00a0\u00bb custom_margin=\u00a0\u00bb50px||||false|false\u00a0\u00bb custom_margin_tablet=\u00a0\u00bb0px||||false|false\u00a0\u00bb custom_margin_phone=\u00a0\u00bb\u00a0\u00bb custom_margin_last_edited=\u00a0\u00bbon|phone\u00a0\u00bb custom_padding=\u00a0\u00bb||||false|false\u00a0\u00bb custom_padding_tablet=\u00a0\u00bb|15%||15%|false|false\u00a0\u00bb custom_padding_phone=\u00a0\u00bb\u00a0\u00bb global_colors_info=\u00a0\u00bb{}\u00a0\u00bb][et_pb_column type=\u00a0\u00bb4_4&Prime; _builder_version=\u00a0\u00bb3.25&Prime; custom_padding=\u00a0\u00bb|||\u00a0\u00bb global_colors_info=\u00a0\u00bb{}\u00a0\u00bb custom_padding__hover=\u00a0\u00bb|||\u00a0\u00bb][et_pb_text admin_label=\u00a0\u00bbTitle\u00a0\u00bb _builder_version=\u00a0\u00bb4.14.7&Prime; text_font=\u00a0\u00bbQuattrocento||||||||\u00a0\u00bb text_font_size=\u00a0\u00bb22px\u00a0\u00bb text_line_height=\u00a0\u00bb1.4em\u00a0\u00bb header_font=\u00a0\u00bb|300||on|||||\u00a0\u00bb header_text_align=\u00a0\u00bbcenter\u00a0\u00bb header_font_size=\u00a0\u00bb72px\u00a0\u00bb header_letter_spacing=\u00a0\u00bb4px\u00a0\u00bb header_line_height=\u00a0\u00bb1.4em\u00a0\u00bb text_orientation=\u00a0\u00bbcenter\u00a0\u00bb background_layout=\u00a0\u00bbdark\u00a0\u00bb module_alignment=\u00a0\u00bbleft\u00a0\u00bb custom_margin=\u00a0\u00bb|||0px|false|false\u00a0\u00bb custom_padding=\u00a0\u00bb||||false|false\u00a0\u00bb animation_style=\u00a0\u00bbslide\u00a0\u00bb animation_direction=\u00a0\u00bbtop\u00a0\u00bb animation_intensity_slide=\u00a0\u00bb3%\u00a0\u00bb animation_starting_opacity=\u00a0\u00bb100%\u00a0\u00bb hover_enabled=\u00a0\u00bb0&Prime; header_text_align_tablet=\u00a0\u00bb\u00a0\u00bb header_text_align_phone=\u00a0\u00bbcenter\u00a0\u00bb header_text_align_last_edited=\u00a0\u00bbon|phone\u00a0\u00bb header_font_size_tablet=\u00a0\u00bb40px\u00a0\u00bb header_font_size_phone=\u00a0\u00bb30px\u00a0\u00bb header_font_size_last_edited=\u00a0\u00bbon|phone\u00a0\u00bb header_letter_spacing_tablet=\u00a0\u00bb4px\u00a0\u00bb header_letter_spacing_phone=\u00a0\u00bb4px\u00a0\u00bb header_letter_spacing_last_edited=\u00a0\u00bbon|tablet\u00a0\u00bb global_colors_info=\u00a0\u00bb{}\u00a0\u00bb sticky_enabled=\u00a0\u00bb0&Prime;]<\/p>\n<h1>Demande d\u2019\u00e9chantillons sans frais<\/h1>\n<p>[\/et_pb_text][et_pb_text admin_label=\u00a0\u00bbTitle\u00a0\u00bb _builder_version=\u00a0\u00bb4.14.7&Prime; text_font=\u00a0\u00bb|300|||||||\u00a0\u00bb text_font_size=\u00a0\u00bb26px\u00a0\u00bb text_letter_spacing=\u00a0\u00bb1.5px\u00a0\u00bb text_line_height=\u00a0\u00bb36px\u00a0\u00bb header_font=\u00a0\u00bbQuattrocento|||on|||||\u00a0\u00bb header_text_align=\u00a0\u00bbcenter\u00a0\u00bb header_letter_spacing=\u00a0\u00bb14px\u00a0\u00bb header_line_height=\u00a0\u00bb1.4em\u00a0\u00bb text_orientation=\u00a0\u00bbcenter\u00a0\u00bb background_layout=\u00a0\u00bbdark\u00a0\u00bb max_width=\u00a0\u00bb765px\u00a0\u00bb module_alignment=\u00a0\u00bbcenter\u00a0\u00bb animation_style=\u00a0\u00bbslide\u00a0\u00bb animation_direction=\u00a0\u00bbtop\u00a0\u00bb animation_intensity_slide=\u00a0\u00bb3%\u00a0\u00bb animation_starting_opacity=\u00a0\u00bb100%\u00a0\u00bb hover_enabled=\u00a0\u00bb0&Prime; header_font_size_tablet=\u00a0\u00bb\u00a0\u00bb header_font_size_phone=\u00a0\u00bb\u00a0\u00bb header_font_size_last_edited=\u00a0\u00bbon|tablet\u00a0\u00bb text_orientation_tablet=\u00a0\u00bb\u00a0\u00bb text_orientation_phone=\u00a0\u00bbcenter\u00a0\u00bb text_orientation_last_edited=\u00a0\u00bbon|desktop\u00a0\u00bb global_colors_info=\u00a0\u00bb{}\u00a0\u00bb sticky_enabled=\u00a0\u00bb0&Prime;]<\/p>\n<p><span>Commandez un \u00e9chantillon gratuit de nos mod\u00e8les, un membre de notre \u00e9quipe communiquera avec vous pour \u00e9valuer vos besoins.<\/span><\/p>\n<p>[\/et_pb_text][\/et_pb_column][\/et_pb_row][\/et_pb_section]<\/p>\n","protected":false},"excerpt":{"rendered":"<p>Free Sample RequestOrder a free sample of our models, a member of our team will contact you to assess your needs.<\/p>","protected":false},"author":1,"featured_media":0,"parent":0,"menu_order":0,"comment_status":"closed","ping_status":"closed","template":"","meta":{"_et_pb_use_builder":"on","_et_pb_old_content":"","_et_gb_content_width":"","footnotes":""},"class_list":["post-3292","page","type-page","status-publish","hentry"],"yoast_head":"<!-- This site is optimized with the Yoast SEO plugin v27.4 - https:\/\/yoast.com\/product\/yoast-seo-wordpress\/ -->\n<title>Demande d\u2019\u00e9chantillons sans frais - Menu et cie<\/title>\n<meta name=\"robots\" content=\"index, follow, max-snippet:-1, max-image-preview:large, max-video-preview:-1\" \/>\n<link rel=\"canonical\" href=\"https:\/\/menuetcie.com\/en\/demande-echantillons-sans-frais\/\" \/>\n<meta property=\"og:locale\" content=\"en_US\" \/>\n<meta property=\"og:type\" content=\"article\" \/>\n<meta property=\"og:title\" content=\"Demande d\u2019\u00e9chantillons sans frais - Menu et cie\" \/>\n<meta property=\"og:description\" content=\"Demande d\u2019\u00e9chantillons sans fraisCommandez un \u00e9chantillon gratuit de nos mod\u00e8les, un membre de notre \u00e9quipe communiquera avec vous pour \u00e9valuer vos besoins.\" \/>\n<meta property=\"og:url\" content=\"https:\/\/menuetcie.com\/en\/demande-echantillons-sans-frais\/\" \/>\n<meta property=\"og:site_name\" content=\"Menu et cie\" \/>\n<meta property=\"article:modified_time\" content=\"2022-02-15T12:13:15+00:00\" \/>\n<meta name=\"twitter:card\" content=\"summary_large_image\" \/>\n<meta name=\"twitter:label1\" content=\"Est. reading time\" \/>\n\t<meta name=\"twitter:data1\" content=\"2 minutes\" \/>\n<script type=\"application\/ld+json\" class=\"yoast-schema-graph\">{\"@context\":\"https:\\\/\\\/schema.org\",\"@graph\":[{\"@type\":\"WebPage\",\"@id\":\"https:\\\/\\\/menuetcie.com\\\/demande-echantillons-sans-frais\\\/\",\"url\":\"https:\\\/\\\/menuetcie.com\\\/demande-echantillons-sans-frais\\\/\",\"name\":\"Demande d\u2019\u00e9chantillons sans frais - Menu et cie\",\"isPartOf\":{\"@id\":\"https:\\\/\\\/menuetcie.com\\\/#website\"},\"datePublished\":\"2020-07-24T22:54:52+00:00\",\"dateModified\":\"2022-02-15T12:13:15+00:00\",\"breadcrumb\":{\"@id\":\"https:\\\/\\\/menuetcie.com\\\/demande-echantillons-sans-frais\\\/#breadcrumb\"},\"inLanguage\":\"en-CA\",\"potentialAction\":[{\"@type\":\"ReadAction\",\"target\":[\"https:\\\/\\\/menuetcie.com\\\/demande-echantillons-sans-frais\\\/\"]}]},{\"@type\":\"BreadcrumbList\",\"@id\":\"https:\\\/\\\/menuetcie.com\\\/demande-echantillons-sans-frais\\\/#breadcrumb\",\"itemListElement\":[{\"@type\":\"ListItem\",\"position\":1,\"name\":\"Home\",\"item\":\"https:\\\/\\\/menuetcie.com\\\/\"},{\"@type\":\"ListItem\",\"position\":2,\"name\":\"Demande d\u2019\u00e9chantillons sans frais\"}]},{\"@type\":\"WebSite\",\"@id\":\"https:\\\/\\\/menuetcie.com\\\/#website\",\"url\":\"https:\\\/\\\/menuetcie.com\\\/\",\"name\":\"Menu et cie\",\"description\":\"Couvertures de menus\",\"publisher\":{\"@id\":\"https:\\\/\\\/menuetcie.com\\\/#organization\"},\"potentialAction\":[{\"@type\":\"SearchAction\",\"target\":{\"@type\":\"EntryPoint\",\"urlTemplate\":\"https:\\\/\\\/menuetcie.com\\\/?s={search_term_string}\"},\"query-input\":{\"@type\":\"PropertyValueSpecification\",\"valueRequired\":true,\"valueName\":\"search_term_string\"}}],\"inLanguage\":\"en-CA\"},{\"@type\":\"Organization\",\"@id\":\"https:\\\/\\\/menuetcie.com\\\/#organization\",\"name\":\"Menu et cie\",\"url\":\"https:\\\/\\\/menuetcie.com\\\/\",\"logo\":{\"@type\":\"ImageObject\",\"inLanguage\":\"en-CA\",\"@id\":\"https:\\\/\\\/menuetcie.com\\\/#\\\/schema\\\/logo\\\/image\\\/\",\"url\":\"http:\\\/\\\/menuetcie.com\\\/wp-content\\\/uploads\\\/2020\\\/02\\\/favicon.jpg\",\"contentUrl\":\"http:\\\/\\\/menuetcie.com\\\/wp-content\\\/uploads\\\/2020\\\/02\\\/favicon.jpg\",\"width\":150,\"height\":150,\"caption\":\"Menu et cie\"},\"image\":{\"@id\":\"https:\\\/\\\/menuetcie.com\\\/#\\\/schema\\\/logo\\\/image\\\/\"}}]}<\/script>\n<!-- \/ Yoast SEO plugin. -->","yoast_head_json":{"title":"Free Sample Request - Menu and Co.","robots":{"index":"index","follow":"follow","max-snippet":"max-snippet:-1","max-image-preview":"max-image-preview:large","max-video-preview":"max-video-preview:-1"},"canonical":"https:\/\/menuetcie.com\/en\/demande-echantillons-sans-frais\/","og_locale":"en_US","og_type":"article","og_title":"Demande d\u2019\u00e9chantillons sans frais - Menu et cie","og_description":"Demande d\u2019\u00e9chantillons sans fraisCommandez un \u00e9chantillon gratuit de nos mod\u00e8les, un membre de notre \u00e9quipe communiquera avec vous pour \u00e9valuer vos besoins.","og_url":"https:\/\/menuetcie.com\/en\/demande-echantillons-sans-frais\/","og_site_name":"Menu et cie","article_modified_time":"2022-02-15T12:13:15+00:00","twitter_card":"summary_large_image","twitter_misc":{"Est. reading time":"2 minutes"},"schema":{"@context":"https:\/\/schema.org","@graph":[{"@type":"WebPage","@id":"https:\/\/menuetcie.com\/demande-echantillons-sans-frais\/","url":"https:\/\/menuetcie.com\/demande-echantillons-sans-frais\/","name":"Free Sample Request - Menu and Co.","isPartOf":{"@id":"https:\/\/menuetcie.com\/#website"},"datePublished":"2020-07-24T22:54:52+00:00","dateModified":"2022-02-15T12:13:15+00:00","breadcrumb":{"@id":"https:\/\/menuetcie.com\/demande-echantillons-sans-frais\/#breadcrumb"},"inLanguage":"en-CA","potentialAction":[{"@type":"ReadAction","target":["https:\/\/menuetcie.com\/demande-echantillons-sans-frais\/"]}]},{"@type":"BreadcrumbList","@id":"https:\/\/menuetcie.com\/demande-echantillons-sans-frais\/#breadcrumb","itemListElement":[{"@type":"ListItem","position":1,"name":"Home","item":"https:\/\/menuetcie.com\/"},{"@type":"ListItem","position":2,"name":"Demande d\u2019\u00e9chantillons sans frais"}]},{"@type":"WebSite","@id":"https:\/\/menuetcie.com\/#website","url":"https:\/\/menuetcie.com\/","name":"Menu and Co.","description":"Menu covers","publisher":{"@id":"https:\/\/menuetcie.com\/#organization"},"potentialAction":[{"@type":"SearchAction","target":{"@type":"EntryPoint","urlTemplate":"https:\/\/menuetcie.com\/?s={search_term_string}"},"query-input":{"@type":"PropertyValueSpecification","valueRequired":true,"valueName":"search_term_string"}}],"inLanguage":"en-CA"},{"@type":"Organization","@id":"https:\/\/menuetcie.com\/#organization","name":"Menu and Co.","url":"https:\/\/menuetcie.com\/","logo":{"@type":"ImageObject","inLanguage":"en-CA","@id":"https:\/\/menuetcie.com\/#\/schema\/logo\/image\/","url":"http:\/\/menuetcie.com\/wp-content\/uploads\/2020\/02\/favicon.jpg","contentUrl":"http:\/\/menuetcie.com\/wp-content\/uploads\/2020\/02\/favicon.jpg","width":150,"height":150,"caption":"Menu et cie"},"image":{"@id":"https:\/\/menuetcie.com\/#\/schema\/logo\/image\/"}}]}},"_links":{"self":[{"href":"https:\/\/menuetcie.com\/en\/wp-json\/wp\/v2\/pages\/3292","targetHints":{"allow":["GET"]}}],"collection":[{"href":"https:\/\/menuetcie.com\/en\/wp-json\/wp\/v2\/pages"}],"about":[{"href":"https:\/\/menuetcie.com\/en\/wp-json\/wp\/v2\/types\/page"}],"author":[{"embeddable":true,"href":"https:\/\/menuetcie.com\/en\/wp-json\/wp\/v2\/users\/1"}],"replies":[{"embeddable":true,"href":"https:\/\/menuetcie.com\/en\/wp-json\/wp\/v2\/comments?post=3292"}],"version-history":[{"count":0,"href":"https:\/\/menuetcie.com\/en\/wp-json\/wp\/v2\/pages\/3292\/revisions"}],"wp:attachment":[{"href":"https:\/\/menuetcie.com\/en\/wp-json\/wp\/v2\/media?parent=3292"}],"curies":[{"name":"wp","href":"https:\/\/api.w.org\/{rel}","templated":true}]}}